{"id":4608,"date":"2018-10-29T16:40:03","date_gmt":"2018-10-29T15:40:03","guid":{"rendered":"https:\/\/www.skiclub-baden-baden.de\/?page_id=4608"},"modified":"2018-10-29T16:42:16","modified_gmt":"2018-10-29T15:42:16","slug":"ein-blick-in-die-vergangenheit","status":"publish","type":"page","link":"https:\/\/www.skiclub-baden-baden.de\/?page_id=4608","title":{"rendered":"Ein Blick in die Vergangenheit"},"content":{"rendered":"\n<style type=\"text\/css\" data-created_by=\"avia_inline_auto\" id=\"style-css-av-av_two_third-6126cab7d8fab8d08143dd2dacdf673c\">\n.flex_column.av-av_two_third-6126cab7d8fab8d08143dd2dacdf673c{\n-webkit-border-radius:0px 0px 0px 0px;\n-moz-border-radius:0px 0px 0px 0px;\nborder-radius:0px 0px 0px 0px;\npadding:0px 0px 0px 0px;\n}\n<\/style>\n<div class='flex_column av-av_two_third-6126cab7d8fab8d08143dd2dacdf673c av_two_third  avia-builder-el-0  el_before_av_one_third  avia-builder-el-first  first flex_column_div av-zero-column-padding '     ><div  class='avia-slideshow av-av_slideshow-5edb3aac88bf58f0863f6ab4c6f32112 avia-slideshow-no scaling av_slideshow avia-slide-slider  avia-builder-el-1  avia-builder-el-no-sibling  av-slideshow-ui av-control-default av-slideshow-manual av-loop-once av-loop-manual-endless av-default-height-applied avia-slideshow-1' data-slideshow-options=\"{&quot;animation&quot;:&quot;slide&quot;,&quot;autoplay&quot;:false,&quot;loop_autoplay&quot;:&quot;once&quot;,&quot;interval&quot;:5,&quot;loop_manual&quot;:&quot;manual-endless&quot;,&quot;autoplay_stopper&quot;:false,&quot;noNavigation&quot;:false,&quot;bg_slider&quot;:false,&quot;keep_padding&quot;:false,&quot;hoverpause&quot;:false,&quot;show_slide_delay&quot;:0}\"  itemprop=\"image\" itemscope=\"itemscope\" itemtype=\"https:\/\/schema.org\/ImageObject\" ><ul class='avia-slideshow-inner ' style='padding-bottom: 144.57308248915%;'><li  class='avia-slideshow-slide av-av_slideshow-5edb3aac88bf58f0863f6ab4c6f32112__0  slide-1 slide-odd'><div data-rel='slideshow-1' class='avia-slide-wrap '   ><img decoding=\"async\" class=\"wp-image-4609 avia-img-lazy-loading-not-4609\"  src=\"https:\/\/www.skiclub-baden-baden.de\/wp-content\/uploads\/2018\/10\/noname-6.jpg\" width=\"691\" height=\"999\" title='noname (6)' alt=''  itemprop=\"thumbnailUrl\" srcset=\"https:\/\/www.skiclub-baden-baden.de\/wp-content\/uploads\/2018\/10\/noname-6.jpg 691w, https:\/\/www.skiclub-baden-baden.de\/wp-content\/uploads\/2018\/10\/noname-6-208x300.jpg 208w, https:\/\/www.skiclub-baden-baden.de\/wp-content\/uploads\/2018\/10\/noname-6-488x705.jpg 488w, https:\/\/www.skiclub-baden-baden.de\/wp-content\/uploads\/2018\/10\/noname-6-450x651.jpg 450w\" sizes=\"(max-width: 691px) 100vw, 691px\" \/><\/div><\/li><li  class='avia-slideshow-slide av-av_slideshow-5edb3aac88bf58f0863f6ab4c6f32112__1  slide-2 slide-even'><div data-rel='slideshow-1' class='avia-slide-wrap '   ><img decoding=\"async\" class=\"wp-image-4610 avia-img-lazy-loading-not-4610\"  src=\"https:\/\/www.skiclub-baden-baden.de\/wp-content\/uploads\/2018\/10\/noname-5.jpg\" width=\"1243\" height=\"846\" title='Richard 4.v.r Elfriede 3.v.r' alt=''  itemprop=\"thumbnailUrl\" srcset=\"https:\/\/www.skiclub-baden-baden.de\/wp-content\/uploads\/2018\/10\/noname-5.jpg 1243w, https:\/\/www.skiclub-baden-baden.de\/wp-content\/uploads\/2018\/10\/noname-5-300x204.jpg 300w, https:\/\/www.skiclub-baden-baden.de\/wp-content\/uploads\/2018\/10\/noname-5-768x523.jpg 768w, https:\/\/www.skiclub-baden-baden.de\/wp-content\/uploads\/2018\/10\/noname-5-1030x701.jpg 1030w, https:\/\/www.skiclub-baden-baden.de\/wp-content\/uploads\/2018\/10\/noname-5-705x480.jpg 705w, https:\/\/www.skiclub-baden-baden.de\/wp-content\/uploads\/2018\/10\/noname-5-450x306.jpg 450w\" sizes=\"(max-width: 1243px) 100vw, 1243px\" \/><\/div><\/li><li  class='avia-slideshow-slide av-av_slideshow-5edb3aac88bf58f0863f6ab4c6f32112__2  slide-3 slide-odd'><div data-rel='slideshow-1' class='avia-slide-wrap '   ><img decoding=\"async\" class=\"wp-image-4611 avia-img-lazy-loading-not-4611\"  src=\"https:\/\/www.skiclub-baden-baden.de\/wp-content\/uploads\/2018\/10\/noname-4.jpg\" width=\"972\" height=\"646\" title='NN Richard Elfriede NN' alt=''  itemprop=\"thumbnailUrl\" srcset=\"https:\/\/www.skiclub-baden-baden.de\/wp-content\/uploads\/2018\/10\/noname-4.jpg 972w, https:\/\/www.skiclub-baden-baden.de\/wp-content\/uploads\/2018\/10\/noname-4-300x199.jpg 300w, https:\/\/www.skiclub-baden-baden.de\/wp-content\/uploads\/2018\/10\/noname-4-768x510.jpg 768w, https:\/\/www.skiclub-baden-baden.de\/wp-content\/uploads\/2018\/10\/noname-4-705x469.jpg 705w, https:\/\/www.skiclub-baden-baden.de\/wp-content\/uploads\/2018\/10\/noname-4-450x299.jpg 450w\" sizes=\"(max-width: 972px) 100vw, 972px\" \/><\/div><\/li><li  class='avia-slideshow-slide av-av_slideshow-5edb3aac88bf58f0863f6ab4c6f32112__3  slide-4 slide-even'><div data-rel='slideshow-1' class='avia-slide-wrap '   ><img decoding=\"async\" class=\"wp-image-4613 avia-img-lazy-loading-not-4613\"  src=\"https:\/\/www.skiclub-baden-baden.de\/wp-content\/uploads\/2018\/10\/noname-2.jpg\" width=\"1280\" height=\"892\" title='noname (2)' alt=''  itemprop=\"thumbnailUrl\" srcset=\"https:\/\/www.skiclub-baden-baden.de\/wp-content\/uploads\/2018\/10\/noname-2.jpg 1280w, https:\/\/www.skiclub-baden-baden.de\/wp-content\/uploads\/2018\/10\/noname-2-300x209.jpg 300w, https:\/\/www.skiclub-baden-baden.de\/wp-content\/uploads\/2018\/10\/noname-2-768x535.jpg 768w, https:\/\/www.skiclub-baden-baden.de\/wp-content\/uploads\/2018\/10\/noname-2-1030x718.jpg 1030w, https:\/\/www.skiclub-baden-baden.de\/wp-content\/uploads\/2018\/10\/noname-2-705x491.jpg 705w, https:\/\/www.skiclub-baden-baden.de\/wp-content\/uploads\/2018\/10\/noname-2-450x314.jpg 450w\" sizes=\"(max-width: 1280px) 100vw, 1280px\" \/><\/div><\/li><li  class='avia-slideshow-slide av-av_slideshow-5edb3aac88bf58f0863f6ab4c6f32112__4  slide-5 slide-odd'><div data-rel='slideshow-1' class='avia-slide-wrap '   ><img decoding=\"async\" class=\"wp-image-4614 avia-img-lazy-loading-not-4614\"  src=\"https:\/\/www.skiclub-baden-baden.de\/wp-content\/uploads\/2018\/10\/noname-1.jpg\" width=\"1363\" height=\"955\" title='noname (1)' alt=''  itemprop=\"thumbnailUrl\" srcset=\"https:\/\/www.skiclub-baden-baden.de\/wp-content\/uploads\/2018\/10\/noname-1.jpg 1363w, https:\/\/www.skiclub-baden-baden.de\/wp-content\/uploads\/2018\/10\/noname-1-300x210.jpg 300w, https:\/\/www.skiclub-baden-baden.de\/wp-content\/uploads\/2018\/10\/noname-1-768x538.jpg 768w, https:\/\/www.skiclub-baden-baden.de\/wp-content\/uploads\/2018\/10\/noname-1-1030x722.jpg 1030w, https:\/\/www.skiclub-baden-baden.de\/wp-content\/uploads\/2018\/10\/noname-1-705x494.jpg 705w, https:\/\/www.skiclub-baden-baden.de\/wp-content\/uploads\/2018\/10\/noname-1-450x315.jpg 450w\" sizes=\"(max-width: 1363px) 100vw, 1363px\" \/><\/div><\/li><li  class='avia-slideshow-slide av-av_slideshow-5edb3aac88bf58f0863f6ab4c6f32112__5  slide-6 slide-even'><div data-rel='slideshow-1' class='avia-slide-wrap '   ><img decoding=\"async\" class=\"wp-image-4615 avia-img-lazy-loading-not-4615\"  src=\"https:\/\/www.skiclub-baden-baden.de\/wp-content\/uploads\/2018\/10\/noname.jpg\" width=\"1406\" height=\"929\" title='noname' alt=''  itemprop=\"thumbnailUrl\" srcset=\"https:\/\/www.skiclub-baden-baden.de\/wp-content\/uploads\/2018\/10\/noname.jpg 1406w, https:\/\/www.skiclub-baden-baden.de\/wp-content\/uploads\/2018\/10\/noname-300x198.jpg 300w, https:\/\/www.skiclub-baden-baden.de\/wp-content\/uploads\/2018\/10\/noname-768x507.jpg 768w, https:\/\/www.skiclub-baden-baden.de\/wp-content\/uploads\/2018\/10\/noname-1030x681.jpg 1030w, https:\/\/www.skiclub-baden-baden.de\/wp-content\/uploads\/2018\/10\/noname-705x466.jpg 705w, https:\/\/www.skiclub-baden-baden.de\/wp-content\/uploads\/2018\/10\/noname-450x297.jpg 450w\" sizes=\"(max-width: 1406px) 100vw, 1406px\" \/><\/div><\/li><li  class='avia-slideshow-slide av-av_slideshow-5edb3aac88bf58f0863f6ab4c6f32112__6  slide-7 slide-odd'><div data-rel='slideshow-1' class='avia-slide-wrap '   ><img decoding=\"async\" class=\"wp-image-4612 avia-img-lazy-loading-not-4612\"  src=\"https:\/\/www.skiclub-baden-baden.de\/wp-content\/uploads\/2018\/10\/noname-3.jpg\" width=\"2080\" height=\"3288\" title='noname (3)' alt=''  itemprop=\"thumbnailUrl\" srcset=\"https:\/\/www.skiclub-baden-baden.de\/wp-content\/uploads\/2018\/10\/noname-3.jpg 2080w, https:\/\/www.skiclub-baden-baden.de\/wp-content\/uploads\/2018\/10\/noname-3-190x300.jpg 190w, https:\/\/www.skiclub-baden-baden.de\/wp-content\/uploads\/2018\/10\/noname-3-768x1214.jpg 768w, https:\/\/www.skiclub-baden-baden.de\/wp-content\/uploads\/2018\/10\/noname-3-652x1030.jpg 652w, https:\/\/www.skiclub-baden-baden.de\/wp-content\/uploads\/2018\/10\/noname-3-949x1500.jpg 949w, https:\/\/www.skiclub-baden-baden.de\/wp-content\/uploads\/2018\/10\/noname-3-446x705.jpg 446w, https:\/\/www.skiclub-baden-baden.de\/wp-content\/uploads\/2018\/10\/noname-3-450x711.jpg 450w\" sizes=\"(max-width: 2080px) 100vw, 2080px\" \/><\/div><\/li><\/ul><div class='avia-slideshow-arrows avia-slideshow-controls' ><a href='#prev' class='prev-slide ' aria-hidden='true' data-av_icon='\ue87c' data-av_iconfont='entypo-fontello'  tabindex='-1'>Zur\u00fcck<\/a><a href='#next' class='next-slide ' aria-hidden='true' data-av_icon='\ue87d' data-av_iconfont='entypo-fontello'  tabindex='-1'>Weiter<\/a><\/div><div class='avia-slideshow-dots avia-slideshow-controls'><a href='#1' class='goto-slide active' >1<\/a><a href='#2' class='goto-slide ' >2<\/a><a href='#3' class='goto-slide ' >3<\/a><a href='#4' class='goto-slide ' >4<\/a><a href='#5' class='goto-slide ' >5<\/a><a href='#6' class='goto-slide ' >6<\/a><a href='#7' class='goto-slide ' >7<\/a><\/div><\/div><\/div>\n\n<style type=\"text\/css\" data-created_by=\"avia_inline_auto\" id=\"style-css-av-av_one_third-0aa7055fe62c3622faec82866afbaeb2\">\n.flex_column.av-av_one_third-0aa7055fe62c3622faec82866afbaeb2{\n-webkit-border-radius:0px 0px 0px 0px;\n-moz-border-radius:0px 0px 0px 0px;\nborder-radius:0px 0px 0px 0px;\npadding:0px 0px 0px 0px;\n}\n<\/style>\n<div class='flex_column av-av_one_third-0aa7055fe62c3622faec82866afbaeb2 av_one_third  avia-builder-el-2  el_after_av_two_third  avia-builder-el-last  flex_column_div av-zero-column-padding '     ><section  class='av_textblock_section av-av_textblock-396ddf1f42196ca838231e61a4602801'  itemscope=\"itemscope\" itemtype=\"https:\/\/schema.org\/CreativeWork\" ><div class='avia_textblock'  itemprop=\"text\" ><h2>Ein Blick in unsere Vergangenheit<\/h2>\n<p>Mit einem herzlichen Dankesch\u00f6n an Herrn J\u00fcrgen Ernst zeigen wir hier einige historische Fotos unseres Vereins. Die Bilder sind aufgenommen von Herrn Richard Ernst,\u00a0der um 1930 Mitglied des Skiclub Baden-Baden war.\u00a0Es handelt sich um Bilder der Badener H\u00fctte aus dem Jahr 1931, Fotos vom Skifahren der 30er Jahre und Paddelbootfahrten am Rhein bis 1936.<\/p>\n<div class=\"gs\">\n<div class=\"\">\n<div id=\":ol\" class=\"ii gt\">\n<div id=\":om\" class=\"a3s aXjCH \" tabindex=\"-1\" role=\"gridcell\">\n<div>\n<div>\n<div>\n<p>Es ist immer wieder eine \u00dcberraschung, wo \u00fcberall alte Unterlagen unseres Vereins auftauchen. Diese sind f\u00fcr unsere Vereinschronik sehr wertvoll. Wir freuen uns immer \u00fcber weitere historische Fotos und Dokumente. Diese k\u00f6nnen uns gerne jederzeit zugesandt werden!<\/p>\n<div class=\"yj6qo\"><\/div>\n<div class=\"adL\"><\/div>\n<\/div>\n<\/div>\n<\/div>\n<div class=\"adL\"><\/div>\n<\/div>\n<\/div>\n<div class=\"hi\"><\/div>\n<\/div>\n<\/div>\n<\/div><\/section><\/div>\n","protected":false},"excerpt":{"rendered":"","protected":false},"author":1,"featured_media":0,"parent":0,"menu_order":0,"comment_status":"closed","ping_status":"closed","template":"","meta":{"_monsterinsights_skip_tracking":false,"_monsterinsights_sitenote_active":false,"_monsterinsights_sitenote_note":"","_monsterinsights_sitenote_category":0,"footnotes":""},"class_list":["post-4608","page","type-page","status-publish","hentry"],"yoast_head":"<!-- This site is optimized with the Yoast SEO plugin v26.6 - https:\/\/yoast.com\/wordpress\/plugins\/seo\/ -->\n<title>Ein Blick in die Vergangenheit &#8211; #SCBB<\/title>\n<meta name=\"robots\" content=\"index, follow, max-snippet:-1, max-image-preview:large, max-video-preview:-1\" \/>\n<link rel=\"canonical\" href=\"https:\/\/www.skiclub-baden-baden.de\/?page_id=4608\" \/>\n<meta property=\"og:locale\" content=\"de_DE\" \/>\n<meta property=\"og:type\" content=\"article\" \/>\n<meta property=\"og:title\" content=\"Ein Blick in die Vergangenheit &#8211; #SCBB\" \/>\n<meta property=\"og:url\" content=\"https:\/\/www.skiclub-baden-baden.de\/?page_id=4608\" \/>\n<meta property=\"og:site_name\" content=\"#SCBB\" \/>\n<meta property=\"article:modified_time\" content=\"2018-10-29T15:42:16+00:00\" \/>\n<meta name=\"twitter:card\" content=\"summary_large_image\" \/>\n<meta name=\"twitter:label1\" content=\"Gesch\u00e4tzte Lesezeit\" \/>\n\t<meta name=\"twitter:data1\" content=\"3\u00a0Minuten\" \/>\n<script type=\"application\/ld+json\" class=\"yoast-schema-graph\">{\"@context\":\"https:\/\/schema.org\",\"@graph\":[{\"@type\":\"WebPage\",\"@id\":\"https:\/\/www.skiclub-baden-baden.de\/?page_id=4608\",\"url\":\"https:\/\/www.skiclub-baden-baden.de\/?page_id=4608\",\"name\":\"Ein Blick in die Vergangenheit &#8211; #SCBB\",\"isPartOf\":{\"@id\":\"https:\/\/www.skiclub-baden-baden.de\/#website\"},\"datePublished\":\"2018-10-29T15:40:03+00:00\",\"dateModified\":\"2018-10-29T15:42:16+00:00\",\"breadcrumb\":{\"@id\":\"https:\/\/www.skiclub-baden-baden.de\/?page_id=4608#breadcrumb\"},\"inLanguage\":\"de\",\"potentialAction\":[{\"@type\":\"ReadAction\",\"target\":[\"https:\/\/www.skiclub-baden-baden.de\/?page_id=4608\"]}]},{\"@type\":\"BreadcrumbList\",\"@id\":\"https:\/\/www.skiclub-baden-baden.de\/?page_id=4608#breadcrumb\",\"itemListElement\":[{\"@type\":\"ListItem\",\"position\":1,\"name\":\"Startseite\",\"item\":\"https:\/\/www.skiclub-baden-baden.de\/\"},{\"@type\":\"ListItem\",\"position\":2,\"name\":\"Ein Blick in die Vergangenheit\"}]},{\"@type\":\"WebSite\",\"@id\":\"https:\/\/www.skiclub-baden-baden.de\/#website\",\"url\":\"https:\/\/www.skiclub-baden-baden.de\/\",\"name\":\"#SCBB\",\"description\":\"Skiclub Baden-Baden\",\"potentialAction\":[{\"@type\":\"SearchAction\",\"target\":{\"@type\":\"EntryPoint\",\"urlTemplate\":\"https:\/\/www.skiclub-baden-baden.de\/?s={search_term_string}\"},\"query-input\":{\"@type\":\"PropertyValueSpecification\",\"valueRequired\":true,\"valueName\":\"search_term_string\"}}],\"inLanguage\":\"de\"}]}<\/script>\n<!-- \/ Yoast SEO plugin. -->","yoast_head_json":{"title":"Ein Blick in die Vergangenheit &#8211; #SCBB","robots":{"index":"index","follow":"follow","max-snippet":"max-snippet:-1","max-image-preview":"max-image-preview:large","max-video-preview":"max-video-preview:-1"},"canonical":"https:\/\/www.skiclub-baden-baden.de\/?page_id=4608","og_locale":"de_DE","og_type":"article","og_title":"Ein Blick in die Vergangenheit &#8211; #SCBB","og_url":"https:\/\/www.skiclub-baden-baden.de\/?page_id=4608","og_site_name":"#SCBB","article_modified_time":"2018-10-29T15:42:16+00:00","twitter_card":"summary_large_image","twitter_misc":{"Gesch\u00e4tzte Lesezeit":"3\u00a0Minuten"},"schema":{"@context":"https:\/\/schema.org","@graph":[{"@type":"WebPage","@id":"https:\/\/www.skiclub-baden-baden.de\/?page_id=4608","url":"https:\/\/www.skiclub-baden-baden.de\/?page_id=4608","name":"Ein Blick in die Vergangenheit &#8211; #SCBB","isPartOf":{"@id":"https:\/\/www.skiclub-baden-baden.de\/#website"},"datePublished":"2018-10-29T15:40:03+00:00","dateModified":"2018-10-29T15:42:16+00:00","breadcrumb":{"@id":"https:\/\/www.skiclub-baden-baden.de\/?page_id=4608#breadcrumb"},"inLanguage":"de","potentialAction":[{"@type":"ReadAction","target":["https:\/\/www.skiclub-baden-baden.de\/?page_id=4608"]}]},{"@type":"BreadcrumbList","@id":"https:\/\/www.skiclub-baden-baden.de\/?page_id=4608#breadcrumb","itemListElement":[{"@type":"ListItem","position":1,"name":"Startseite","item":"https:\/\/www.skiclub-baden-baden.de\/"},{"@type":"ListItem","position":2,"name":"Ein Blick in die Vergangenheit"}]},{"@type":"WebSite","@id":"https:\/\/www.skiclub-baden-baden.de\/#website","url":"https:\/\/www.skiclub-baden-baden.de\/","name":"#SCBB","description":"Skiclub Baden-Baden","potentialAction":[{"@type":"SearchAction","target":{"@type":"EntryPoint","urlTemplate":"https:\/\/www.skiclub-baden-baden.de\/?s={search_term_string}"},"query-input":{"@type":"PropertyValueSpecification","valueRequired":true,"valueName":"search_term_string"}}],"inLanguage":"de"}]}},"_links":{"self":[{"href":"https:\/\/www.skiclub-baden-baden.de\/index.php?rest_route=\/wp\/v2\/pages\/4608","targetHints":{"allow":["GET"]}}],"collection":[{"href":"https:\/\/www.skiclub-baden-baden.de\/index.php?rest_route=\/wp\/v2\/pages"}],"about":[{"href":"https:\/\/www.skiclub-baden-baden.de\/index.php?rest_route=\/wp\/v2\/types\/page"}],"author":[{"embeddable":true,"href":"https:\/\/www.skiclub-baden-baden.de\/index.php?rest_route=\/wp\/v2\/users\/1"}],"replies":[{"embeddable":true,"href":"https:\/\/www.skiclub-baden-baden.de\/index.php?rest_route=%2Fwp%2Fv2%2Fcomments&post=4608"}],"version-history":[{"count":8,"href":"https:\/\/www.skiclub-baden-baden.de\/index.php?rest_route=\/wp\/v2\/pages\/4608\/revisions"}],"predecessor-version":[{"id":4624,"href":"https:\/\/www.skiclub-baden-baden.de\/index.php?rest_route=\/wp\/v2\/pages\/4608\/revisions\/4624"}],"wp:attachment":[{"href":"https:\/\/www.skiclub-baden-baden.de\/index.php?rest_route=%2Fwp%2Fv2%2Fmedia&parent=4608"}],"curies":[{"name":"wp","href":"https:\/\/api.w.org\/{rel}","templated":true}]}}