{"id":3408,"date":"2017-07-13T20:23:10","date_gmt":"2017-07-13T20:23:10","guid":{"rendered":"http:\/\/www.skiclub-baden-baden.de\/?page_id=3408"},"modified":"2020-10-08T14:45:33","modified_gmt":"2020-10-08T12:45:33","slug":"winter","status":"publish","type":"page","link":"https:\/\/www.skiclub-baden-baden.de\/?page_id=3408","title":{"rendered":"Winter"},"content":{"rendered":"\n<style type=\"text\/css\" data-created_by=\"avia_inline_auto\" id=\"style-css-av-av_section-ae0ef2e2c494b8249b835449f336c753\">\n.avia-section.av-av_section-ae0ef2e2c494b8249b835449f336c753{\nbackground-repeat:no-repeat;\nbackground-image:url(https:\/\/www.skiclub-baden-baden.de\/wp-content\/uploads\/2017\/08\/SCBB-background-black-1030x479.jpg);\nbackground-position:0% 0%;\nbackground-attachment:scroll;\n}\n<\/style>\n<div id='av_section_1'  class='avia-section av-av_section-ae0ef2e2c494b8249b835449f336c753 main_color avia-section-default avia-no-shadow  avia-builder-el-0  avia-builder-el-no-sibling  avia-full-stretch avia-bg-style-scroll container_wrap fullsize'  data-section-bg-repeat='stretch'><div class='container av-section-cont-open' ><main  role=\"main\" itemprop=\"mainContentOfPage\"  class='template-page content  av-content-full alpha units'><div class='post-entry post-entry-type-page post-entry-3408'><div class='entry-content-wrapper clearfix'>\n<div class='flex_column_table av-av_one_half-6900a7505e50df381bc40818d2ad48f7 sc-av_one_half av-equal-height-column-flextable'>\n<style type=\"text\/css\" data-created_by=\"avia_inline_auto\" id=\"style-css-av-av_one_half-6900a7505e50df381bc40818d2ad48f7\">\n.flex_column.av-av_one_half-6900a7505e50df381bc40818d2ad48f7{\n-webkit-border-radius:0px 0px 0px 0px;\n-moz-border-radius:0px 0px 0px 0px;\nborder-radius:0px 0px 0px 0px;\npadding:2% 2% 2% 2%;\nbackground-color:rgba(255,255,255,0.75);\n}\n<\/style>\n<div class='flex_column av-av_one_half-6900a7505e50df381bc40818d2ad48f7 av_one_half  avia-builder-el-1  el_before_av_one_half  avia-builder-el-first  first no_margin flex_column_table_cell av-equal-height-column av-align-top '     ><section  class='av_textblock_section av-av_textblock-396ddf1f42196ca838231e61a4602801'  itemscope=\"itemscope\" itemtype=\"https:\/\/schema.org\/CreativeWork\" ><div class='avia_textblock'  itemprop=\"text\" ><p>Der Winter ist die Hauptsaison f\u00fcr unsere Skischule. Trotz gemeinsamer Aktivit\u00e4ten im Sommer, spielt sich ein gro\u00dfer Teil des Vereinslebens im Winter ab. Hierzu geh\u00f6ren zum Beispiel die j\u00e4hrliche gemeinsame Fortbildung, gemeinsame Wochenenden im Schnee, Skitouren und nat\u00fcrlich Skikurse und Ausfahrten mit unseren Vereinsmitgliedern. Wir legen besonderen Wert auf ein breites Angebot und bieten neben Skikursen f\u00fcr Kinder und Jugendliche auch Snowboardkurse und Erwachsenenkurse an. Da diese speziellen Angebote teilweise nicht ausgeschrieben werden, sind wir gl\u00fccklich \u00fcber pers\u00f6nliche Anfragen an <a href=\"mailto:info@skiclub-baden-baden.de\">info@skiclub-baden-baden.de<\/a>.<\/p>\n<p>Die Skischule des Skiclub Baden-Baden ist eine vom Deutschen Skiverband (DSV) lizenzierte Skischule. Darauf sind wir stolz, denn die Bezeichnung DSV-Skischule ist ein G\u00fctesiegel. Diese wird nur an Vereinsskischulen vergeben, die besondere Mindestanforderungen hinsichtlich Organisation, Ausbildungsgrad sowie regelm\u00e4\u00dfige Besuche von Fortbildungen erf\u00fcllen.<\/p>\n<p>Jugendlichen, die an einer Mitarbeit in der Skischule interessiert sind, werden durch unsere vereinseigenen Landesausbilder auf ihrem Ausbildungweg zum Skilehrer begleitet und vorbereitet. Wir bieten dir die M\u00f6glichkeit zur Teilnahme an Lehrg\u00e4ngen in allen alpinen Ausbildungszweigen (z.B. Ski Alpin, Snowboard, Langlauf, Telemark, Skitour) und Ausbildungsstufen (alle <a href=\"http:\/\/www.deutscherskiverband.de\/ausbildung_skiusnowboardlehrer_ausbildungsverlauf_de,447.html\" target=\"_blank\" rel=\"noopener noreferrer\">DOSB-Lizenzen<\/a>). N\u00e4here Infos zu deinem Weg zum Skilehrer erh\u00e4lst du bei unserem Skischulleiter <a href=\"mailto:konstantin.ries@gmail.com\">Konstantin<\/a>.<\/p>\n<\/div><\/section><\/div>\n<style type=\"text\/css\" data-created_by=\"avia_inline_auto\" id=\"style-css-av-av_one_half-46a7e530e9174b0f06b15a7d1ed77b76\">\n.flex_column.av-av_one_half-46a7e530e9174b0f06b15a7d1ed77b76{\n-webkit-border-radius:0px 0px 0px 0px;\n-moz-border-radius:0px 0px 0px 0px;\nborder-radius:0px 0px 0px 0px;\npadding:2% 2% 2% 2%;\nbackground-color:rgba(255,255,255,0.75);\n}\n<\/style>\n<div class='flex_column av-av_one_half-46a7e530e9174b0f06b15a7d1ed77b76 av_one_half  avia-builder-el-3  el_after_av_one_half  avia-builder-el-last  no_margin flex_column_table_cell av-equal-height-column av-align-top '     ><p>\n<style type=\"text\/css\" data-created_by=\"avia_inline_auto\" id=\"style-css-av-av_image-b8baa7297841d44c349ce86de62e7a43\">\n.avia-image-container.av-av_image-b8baa7297841d44c349ce86de62e7a43 img.avia_image{\nbox-shadow:none;\n}\n.avia-image-container.av-av_image-b8baa7297841d44c349ce86de62e7a43 .av-image-caption-overlay-center{\ncolor:#ffffff;\n}\n<\/style>\n<div  class='avia-image-container av-av_image-b8baa7297841d44c349ce86de62e7a43 av-styling- avia-align-center  avia-builder-el-4  el_before_av_image  avia-builder-el-first '   itemprop=\"image\" itemscope=\"itemscope\" itemtype=\"https:\/\/schema.org\/ImageObject\" ><div class=\"avia-image-container-inner\"><div class=\"avia-image-overlay-wrap\"><img decoding=\"async\" class='wp-image-3964 avia-img-lazy-loading-not-3964 avia_image ' src=\"https:\/\/www.skiclub-baden-baden.de\/wp-content\/uploads\/2017\/08\/dsv_skischule.png\" alt='' title='dsv_skischule'  height=\"130\" width=\"880\"  itemprop=\"thumbnailUrl\" srcset=\"https:\/\/www.skiclub-baden-baden.de\/wp-content\/uploads\/2017\/08\/dsv_skischule.png 880w, https:\/\/www.skiclub-baden-baden.de\/wp-content\/uploads\/2017\/08\/dsv_skischule-300x44.png 300w, https:\/\/www.skiclub-baden-baden.de\/wp-content\/uploads\/2017\/08\/dsv_skischule-768x113.png 768w, https:\/\/www.skiclub-baden-baden.de\/wp-content\/uploads\/2017\/08\/dsv_skischule-705x104.png 705w, https:\/\/www.skiclub-baden-baden.de\/wp-content\/uploads\/2017\/08\/dsv_skischule-450x66.png 450w\" sizes=\"(max-width: 880px) 100vw, 880px\" \/><\/div><\/div><\/div><br \/>\n\n<style type=\"text\/css\" data-created_by=\"avia_inline_auto\" id=\"style-css-av-av_image-367afd170dc20797f6c8558f1babdc36\">\n.avia-image-container.av-av_image-367afd170dc20797f6c8558f1babdc36 img.avia_image{\nbox-shadow:none;\n}\n.avia-image-container.av-av_image-367afd170dc20797f6c8558f1babdc36 .av-image-caption-overlay-center{\ncolor:#ffffff;\n}\n<\/style>\n<div  class='avia-image-container av-av_image-367afd170dc20797f6c8558f1babdc36 av-styling- avia-align-center  avia-builder-el-5  el_after_av_image  avia-builder-el-last '   itemprop=\"image\" itemscope=\"itemscope\" itemtype=\"https:\/\/schema.org\/ImageObject\" ><div class=\"avia-image-container-inner\"><div class=\"avia-image-overlay-wrap\"><img decoding=\"async\" class='wp-image-3418 avia-img-lazy-loading-not-3418 avia_image ' src=\"https:\/\/www.skiclub-baden-baden.de\/wp-content\/uploads\/2017\/07\/IMG_1551-1030x773.jpg\" alt='' title='IMG_1551'  height=\"773\" width=\"1030\"  itemprop=\"thumbnailUrl\" srcset=\"https:\/\/www.skiclub-baden-baden.de\/wp-content\/uploads\/2017\/07\/IMG_1551-1030x773.jpg 1030w, https:\/\/www.skiclub-baden-baden.de\/wp-content\/uploads\/2017\/07\/IMG_1551-300x225.jpg 300w, https:\/\/www.skiclub-baden-baden.de\/wp-content\/uploads\/2017\/07\/IMG_1551-768x576.jpg 768w, https:\/\/www.skiclub-baden-baden.de\/wp-content\/uploads\/2017\/07\/IMG_1551-1500x1125.jpg 1500w, https:\/\/www.skiclub-baden-baden.de\/wp-content\/uploads\/2017\/07\/IMG_1551-705x529.jpg 705w, https:\/\/www.skiclub-baden-baden.de\/wp-content\/uploads\/2017\/07\/IMG_1551-450x338.jpg 450w\" sizes=\"(max-width: 1030px) 100vw, 1030px\" \/><\/div><\/div><\/div><\/p><\/div><\/div><!--close column table wrapper. Autoclose: 1 -->\n","protected":false},"excerpt":{"rendered":"","protected":false},"author":1,"featured_media":155,"parent":0,"menu_order":0,"comment_status":"closed","ping_status":"closed","template":"","meta":{"_monsterinsights_skip_tracking":false,"_monsterinsights_sitenote_active":false,"_monsterinsights_sitenote_note":"","_monsterinsights_sitenote_category":0,"footnotes":""},"class_list":["post-3408","page","type-page","status-publish","has-post-thumbnail","hentry"],"yoast_head":"<!-- This site is optimized with the Yoast SEO plugin v26.6 - https:\/\/yoast.com\/wordpress\/plugins\/seo\/ -->\n<title>Winter &#8211; #SCBB<\/title>\n<meta name=\"robots\" content=\"index, follow, max-snippet:-1, max-image-preview:large, max-video-preview:-1\" \/>\n<link rel=\"canonical\" href=\"https:\/\/www.skiclub-baden-baden.de\/?page_id=3408\" \/>\n<meta property=\"og:locale\" content=\"de_DE\" \/>\n<meta property=\"og:type\" content=\"article\" \/>\n<meta property=\"og:title\" content=\"Winter &#8211; #SCBB\" \/>\n<meta property=\"og:url\" content=\"https:\/\/www.skiclub-baden-baden.de\/?page_id=3408\" \/>\n<meta property=\"og:site_name\" content=\"#SCBB\" \/>\n<meta property=\"article:modified_time\" content=\"2020-10-08T12:45:33+00:00\" \/>\n<meta property=\"og:image\" content=\"https:\/\/www.skiclub-baden-baden.de\/wp-content\/uploads\/2017\/04\/e830b00f2cf7003ecd0b4204e2445b97e77ee0dc1fb0104395_1920.jpg\" \/>\n\t<meta property=\"og:image:width\" content=\"1406\" \/>\n\t<meta property=\"og:image:height\" content=\"1920\" \/>\n\t<meta property=\"og:image:type\" content=\"image\/jpeg\" \/>\n<meta name=\"twitter:card\" content=\"summary_large_image\" \/>\n<meta name=\"twitter:label1\" content=\"Gesch\u00e4tzte Lesezeit\" \/>\n\t<meta name=\"twitter:data1\" content=\"3\u00a0Minuten\" \/>\n<script type=\"application\/ld+json\" class=\"yoast-schema-graph\">{\"@context\":\"https:\/\/schema.org\",\"@graph\":[{\"@type\":\"WebPage\",\"@id\":\"https:\/\/www.skiclub-baden-baden.de\/?page_id=3408\",\"url\":\"https:\/\/www.skiclub-baden-baden.de\/?page_id=3408\",\"name\":\"Winter &#8211; #SCBB\",\"isPartOf\":{\"@id\":\"https:\/\/www.skiclub-baden-baden.de\/#website\"},\"primaryImageOfPage\":{\"@id\":\"https:\/\/www.skiclub-baden-baden.de\/?page_id=3408#primaryimage\"},\"image\":{\"@id\":\"https:\/\/www.skiclub-baden-baden.de\/?page_id=3408#primaryimage\"},\"thumbnailUrl\":\"https:\/\/www.skiclub-baden-baden.de\/wp-content\/uploads\/2017\/04\/e830b00f2cf7003ecd0b4204e2445b97e77ee0dc1fb0104395_1920.jpg\",\"datePublished\":\"2017-07-13T20:23:10+00:00\",\"dateModified\":\"2020-10-08T12:45:33+00:00\",\"breadcrumb\":{\"@id\":\"https:\/\/www.skiclub-baden-baden.de\/?page_id=3408#breadcrumb\"},\"inLanguage\":\"de\",\"potentialAction\":[{\"@type\":\"ReadAction\",\"target\":[\"https:\/\/www.skiclub-baden-baden.de\/?page_id=3408\"]}]},{\"@type\":\"ImageObject\",\"inLanguage\":\"de\",\"@id\":\"https:\/\/www.skiclub-baden-baden.de\/?page_id=3408#primaryimage\",\"url\":\"https:\/\/www.skiclub-baden-baden.de\/wp-content\/uploads\/2017\/04\/e830b00f2cf7003ecd0b4204e2445b97e77ee0dc1fb0104395_1920.jpg\",\"contentUrl\":\"https:\/\/www.skiclub-baden-baden.de\/wp-content\/uploads\/2017\/04\/e830b00f2cf7003ecd0b4204e2445b97e77ee0dc1fb0104395_1920.jpg\",\"width\":1406,\"height\":1920},{\"@type\":\"BreadcrumbList\",\"@id\":\"https:\/\/www.skiclub-baden-baden.de\/?page_id=3408#breadcrumb\",\"itemListElement\":[{\"@type\":\"ListItem\",\"position\":1,\"name\":\"Startseite\",\"item\":\"https:\/\/www.skiclub-baden-baden.de\/\"},{\"@type\":\"ListItem\",\"position\":2,\"name\":\"Winter\"}]},{\"@type\":\"WebSite\",\"@id\":\"https:\/\/www.skiclub-baden-baden.de\/#website\",\"url\":\"https:\/\/www.skiclub-baden-baden.de\/\",\"name\":\"#SCBB\",\"description\":\"Skiclub Baden-Baden\",\"potentialAction\":[{\"@type\":\"SearchAction\",\"target\":{\"@type\":\"EntryPoint\",\"urlTemplate\":\"https:\/\/www.skiclub-baden-baden.de\/?s={search_term_string}\"},\"query-input\":{\"@type\":\"PropertyValueSpecification\",\"valueRequired\":true,\"valueName\":\"search_term_string\"}}],\"inLanguage\":\"de\"}]}<\/script>\n<!-- \/ Yoast SEO plugin. -->","yoast_head_json":{"title":"Winter &#8211; #SCBB","robots":{"index":"index","follow":"follow","max-snippet":"max-snippet:-1","max-image-preview":"max-image-preview:large","max-video-preview":"max-video-preview:-1"},"canonical":"https:\/\/www.skiclub-baden-baden.de\/?page_id=3408","og_locale":"de_DE","og_type":"article","og_title":"Winter &#8211; #SCBB","og_url":"https:\/\/www.skiclub-baden-baden.de\/?page_id=3408","og_site_name":"#SCBB","article_modified_time":"2020-10-08T12:45:33+00:00","og_image":[{"width":1406,"height":1920,"url":"https:\/\/www.skiclub-baden-baden.de\/wp-content\/uploads\/2017\/04\/e830b00f2cf7003ecd0b4204e2445b97e77ee0dc1fb0104395_1920.jpg","type":"image\/jpeg"}],"twitter_card":"summary_large_image","twitter_misc":{"Gesch\u00e4tzte Lesezeit":"3\u00a0Minuten"},"schema":{"@context":"https:\/\/schema.org","@graph":[{"@type":"WebPage","@id":"https:\/\/www.skiclub-baden-baden.de\/?page_id=3408","url":"https:\/\/www.skiclub-baden-baden.de\/?page_id=3408","name":"Winter &#8211; #SCBB","isPartOf":{"@id":"https:\/\/www.skiclub-baden-baden.de\/#website"},"primaryImageOfPage":{"@id":"https:\/\/www.skiclub-baden-baden.de\/?page_id=3408#primaryimage"},"image":{"@id":"https:\/\/www.skiclub-baden-baden.de\/?page_id=3408#primaryimage"},"thumbnailUrl":"https:\/\/www.skiclub-baden-baden.de\/wp-content\/uploads\/2017\/04\/e830b00f2cf7003ecd0b4204e2445b97e77ee0dc1fb0104395_1920.jpg","datePublished":"2017-07-13T20:23:10+00:00","dateModified":"2020-10-08T12:45:33+00:00","breadcrumb":{"@id":"https:\/\/www.skiclub-baden-baden.de\/?page_id=3408#breadcrumb"},"inLanguage":"de","potentialAction":[{"@type":"ReadAction","target":["https:\/\/www.skiclub-baden-baden.de\/?page_id=3408"]}]},{"@type":"ImageObject","inLanguage":"de","@id":"https:\/\/www.skiclub-baden-baden.de\/?page_id=3408#primaryimage","url":"https:\/\/www.skiclub-baden-baden.de\/wp-content\/uploads\/2017\/04\/e830b00f2cf7003ecd0b4204e2445b97e77ee0dc1fb0104395_1920.jpg","contentUrl":"https:\/\/www.skiclub-baden-baden.de\/wp-content\/uploads\/2017\/04\/e830b00f2cf7003ecd0b4204e2445b97e77ee0dc1fb0104395_1920.jpg","width":1406,"height":1920},{"@type":"BreadcrumbList","@id":"https:\/\/www.skiclub-baden-baden.de\/?page_id=3408#breadcrumb","itemListElement":[{"@type":"ListItem","position":1,"name":"Startseite","item":"https:\/\/www.skiclub-baden-baden.de\/"},{"@type":"ListItem","position":2,"name":"Winter"}]},{"@type":"WebSite","@id":"https:\/\/www.skiclub-baden-baden.de\/#website","url":"https:\/\/www.skiclub-baden-baden.de\/","name":"#SCBB","description":"Skiclub Baden-Baden","potentialAction":[{"@type":"SearchAction","target":{"@type":"EntryPoint","urlTemplate":"https:\/\/www.skiclub-baden-baden.de\/?s={search_term_string}"},"query-input":{"@type":"PropertyValueSpecification","valueRequired":true,"valueName":"search_term_string"}}],"inLanguage":"de"}]}},"_links":{"self":[{"href":"https:\/\/www.skiclub-baden-baden.de\/index.php?rest_route=\/wp\/v2\/pages\/3408","targetHints":{"allow":["GET"]}}],"collection":[{"href":"https:\/\/www.skiclub-baden-baden.de\/index.php?rest_route=\/wp\/v2\/pages"}],"about":[{"href":"https:\/\/www.skiclub-baden-baden.de\/index.php?rest_route=\/wp\/v2\/types\/page"}],"author":[{"embeddable":true,"href":"https:\/\/www.skiclub-baden-baden.de\/index.php?rest_route=\/wp\/v2\/users\/1"}],"replies":[{"embeddable":true,"href":"https:\/\/www.skiclub-baden-baden.de\/index.php?rest_route=%2Fwp%2Fv2%2Fcomments&post=3408"}],"version-history":[{"count":30,"href":"https:\/\/www.skiclub-baden-baden.de\/index.php?rest_route=\/wp\/v2\/pages\/3408\/revisions"}],"predecessor-version":[{"id":4858,"href":"https:\/\/www.skiclub-baden-baden.de\/index.php?rest_route=\/wp\/v2\/pages\/3408\/revisions\/4858"}],"wp:featuredmedia":[{"embeddable":true,"href":"https:\/\/www.skiclub-baden-baden.de\/index.php?rest_route=\/wp\/v2\/media\/155"}],"wp:attachment":[{"href":"https:\/\/www.skiclub-baden-baden.de\/index.php?rest_route=%2Fwp%2Fv2%2Fmedia&parent=3408"}],"curies":[{"name":"wp","href":"https:\/\/api.w.org\/{rel}","templated":true}]}}