
{"id":20,"date":"2017-04-23T13:07:59","date_gmt":"2017-04-23T13:07:59","guid":{"rendered":"http:\/\/www.skiclub-baden-baden.de\/?page_id=20"},"modified":"2026-04-03T10:45:24","modified_gmt":"2026-04-03T08:45:24","slug":"mitgliedschaft","status":"publish","type":"page","link":"https:\/\/www.skiclub-baden-baden.de\/?page_id=20","title":{"rendered":"Mitgliedschaft"},"content":{"rendered":"\n<style type=\"text\/css\" data-created_by=\"avia_inline_auto\" id=\"style-css-av-85x4-c05667b9c86989dd17c77ffd791d4202\">\n.avia-section.av-85x4-c05667b9c86989dd17c77ffd791d4202{\nbackground-repeat:no-repeat;\nbackground-image:url(https:\/\/www.skiclub-baden-baden.de\/wp-content\/uploads\/2017\/08\/Verein-resized-2-1030x515.png);\nbackground-position:0% 0%;\nbackground-attachment:fixed;\n}\n<\/style>\n<div id='av_section_1'  class='avia-section av-85x4-c05667b9c86989dd17c77ffd791d4202 main_color avia-section-default avia-no-shadow  avia-builder-el-0  avia-builder-el-no-sibling  avia-full-stretch avia-bg-style-fixed container_wrap fullsize'  data-section-bg-repeat='stretch'><div class='container av-section-cont-open' ><main  role=\"main\" itemprop=\"mainContentOfPage\"  class='template-page content  av-content-full alpha units'><div class='post-entry post-entry-type-page post-entry-20'><div class='entry-content-wrapper clearfix'>\n\n<style type=\"text\/css\" data-created_by=\"avia_inline_auto\" id=\"style-css-av-19v0o-6a14b62018c756a85dd914109654cbaa\">\n.flex_column.av-19v0o-6a14b62018c756a85dd914109654cbaa{\n-webkit-border-radius:0 0 0 0;\n-moz-border-radius:0 0 0 0;\nborder-radius:0 0 0 0;\npadding:2% 2% 2% 2%;\nbackground-color:rgba(255,255,255,0.67);\n}\n<\/style>\n<div class='flex_column av-19v0o-6a14b62018c756a85dd914109654cbaa av_one_full  avia-builder-el-1  avia-builder-el-no-sibling  first flex_column_div '     ><section  class='av_textblock_section av-qwaw-642e15ea6d108b46a4152e27d69874da'  itemscope=\"itemscope\" itemtype=\"https:\/\/schema.org\/CreativeWork\" ><div class='avia_textblock'  itemprop=\"text\" ><p>Wir hei\u00dfen dich herzlich willkommen, wenn du aktiv an unserem Vereinsleben teilnehmen m\u00f6chtest, unsere Ausfahrten und unsere w\u00f6chentlichen Aktivit\u00e4ten nutzen m\u00f6chtest. Der beste Weg daf\u00fcr ist eine Mitgliedschaft im Verein!<\/p>\n<p>Die Beitrittserkl\u00e4rung findest du unter diesem <strong>Link zum Download:<\/strong> <a href=\"https:\/\/www.skiclub-baden-baden.de\/wp-content\/uploads\/2025\/12\/SCBB-Beitrittsformular-1.pdf\" target=\"_blank\" rel=\"noopener\">Beitrittserkl\u00e4rung Skiclub Baden-Baden.<\/a><\/p>\n<p>Du kannst die komplett ausgef\u00fcllte Beitrittserkl\u00e4rung per Email an <a href=\"mailto:info@skiclub-baden-baden.de\">info@skiclub-baden-baden.de<\/a> senden oder alternativ auf dem Postweg an<\/p>\n<p>Skiclub Baden-Baden e.V.<br \/>\nPostfach 20 23<br \/>\n76490 Baden-Baden<\/p>\n<h3 class=\"widget-title\">Jahresbeitr\u00e4ge<\/h3>\n<div class=\"siteorigin-widget-tinymce textwidget\">\n<p>Erwachsene ab 27: <strong>35 \u20ac<\/strong><\/p>\n<p>Kinder und Jugendliche bis inkl. 26: <strong>20 \u20ac<\/strong><\/p>\n<p>Familie ohne Kinder: <strong>50 \u20ac<\/strong><\/p>\n<p>Familie mit Kindern: <strong>55 \u20ac<\/strong><\/p>\n<hr \/>\n<h5><strong>Zus\u00e4tzlicher Abteilungsbeitrag Kanu<\/strong><\/h5>\n<p>Erwachsene ab 26: <strong>15 \u20ac<\/strong><\/p>\n<p>Kinder und Jugendliche bis inkl. 25:<strong> 5 \u20ac<\/strong><\/p>\n<\/div>\n<\/div><\/section><\/div>\n","protected":false},"excerpt":{"rendered":"","protected":false},"author":1,"featured_media":0,"parent":18,"menu_order":0,"comment_status":"closed","ping_status":"closed","template":"","meta":{"_monsterinsights_skip_tracking":false,"_monsterinsights_sitenote_active":false,"_monsterinsights_sitenote_note":"","_monsterinsights_sitenote_category":0,"footnotes":""},"class_list":["post-20","page","type-page","status-publish","hentry"],"yoast_head":"<!-- This site is optimized with the Yoast SEO plugin v26.6 - https:\/\/yoast.com\/wordpress\/plugins\/seo\/ -->\n<title>Mitgliedschaft &#8211; #SCBB<\/title>\n<meta name=\"robots\" content=\"index, follow, max-snippet:-1, max-image-preview:large, max-video-preview:-1\" \/>\n<link rel=\"canonical\" href=\"https:\/\/www.skiclub-baden-baden.de\/?page_id=20\" \/>\n<meta property=\"og:locale\" content=\"de_DE\" \/>\n<meta property=\"og:type\" content=\"article\" \/>\n<meta property=\"og:title\" content=\"Mitgliedschaft &#8211; #SCBB\" \/>\n<meta property=\"og:url\" content=\"https:\/\/www.skiclub-baden-baden.de\/?page_id=20\" \/>\n<meta property=\"og:site_name\" content=\"#SCBB\" \/>\n<meta property=\"article:modified_time\" content=\"2026-04-03T08:45:24+00:00\" \/>\n<meta name=\"twitter:card\" content=\"summary_large_image\" \/>\n<meta name=\"twitter:label1\" content=\"Gesch\u00e4tzte Lesezeit\" \/>\n\t<meta name=\"twitter:data1\" content=\"1\u00a0Minute\" \/>\n<script type=\"application\/ld+json\" class=\"yoast-schema-graph\">{\"@context\":\"https:\/\/schema.org\",\"@graph\":[{\"@type\":\"WebPage\",\"@id\":\"https:\/\/www.skiclub-baden-baden.de\/?page_id=20\",\"url\":\"https:\/\/www.skiclub-baden-baden.de\/?page_id=20\",\"name\":\"Mitgliedschaft &#8211; #SCBB\",\"isPartOf\":{\"@id\":\"https:\/\/www.skiclub-baden-baden.de\/#website\"},\"datePublished\":\"2017-04-23T13:07:59+00:00\",\"dateModified\":\"2026-04-03T08:45:24+00:00\",\"breadcrumb\":{\"@id\":\"https:\/\/www.skiclub-baden-baden.de\/?page_id=20#breadcrumb\"},\"inLanguage\":\"de\",\"potentialAction\":[{\"@type\":\"ReadAction\",\"target\":[\"https:\/\/www.skiclub-baden-baden.de\/?page_id=20\"]}]},{\"@type\":\"BreadcrumbList\",\"@id\":\"https:\/\/www.skiclub-baden-baden.de\/?page_id=20#breadcrumb\",\"itemListElement\":[{\"@type\":\"ListItem\",\"position\":1,\"name\":\"Startseite\",\"item\":\"https:\/\/www.skiclub-baden-baden.de\/\"},{\"@type\":\"ListItem\",\"position\":2,\"name\":\"Der Verein\",\"item\":\"https:\/\/www.skiclub-baden-baden.de\/?page_id=18\"},{\"@type\":\"ListItem\",\"position\":3,\"name\":\"Mitgliedschaft\"}]},{\"@type\":\"WebSite\",\"@id\":\"https:\/\/www.skiclub-baden-baden.de\/#website\",\"url\":\"https:\/\/www.skiclub-baden-baden.de\/\",\"name\":\"#SCBB\",\"description\":\"Skiclub Baden-Baden\",\"potentialAction\":[{\"@type\":\"SearchAction\",\"target\":{\"@type\":\"EntryPoint\",\"urlTemplate\":\"https:\/\/www.skiclub-baden-baden.de\/?s={search_term_string}\"},\"query-input\":{\"@type\":\"PropertyValueSpecification\",\"valueRequired\":true,\"valueName\":\"search_term_string\"}}],\"inLanguage\":\"de\"}]}<\/script>\n<!-- \/ Yoast SEO plugin. -->","yoast_head_json":{"title":"Mitgliedschaft &#8211; #SCBB","robots":{"index":"index","follow":"follow","max-snippet":"max-snippet:-1","max-image-preview":"max-image-preview:large","max-video-preview":"max-video-preview:-1"},"canonical":"https:\/\/www.skiclub-baden-baden.de\/?page_id=20","og_locale":"de_DE","og_type":"article","og_title":"Mitgliedschaft &#8211; #SCBB","og_url":"https:\/\/www.skiclub-baden-baden.de\/?page_id=20","og_site_name":"#SCBB","article_modified_time":"2026-04-03T08:45:24+00:00","twitter_card":"summary_large_image","twitter_misc":{"Gesch\u00e4tzte Lesezeit":"1\u00a0Minute"},"schema":{"@context":"https:\/\/schema.org","@graph":[{"@type":"WebPage","@id":"https:\/\/www.skiclub-baden-baden.de\/?page_id=20","url":"https:\/\/www.skiclub-baden-baden.de\/?page_id=20","name":"Mitgliedschaft &#8211; #SCBB","isPartOf":{"@id":"https:\/\/www.skiclub-baden-baden.de\/#website"},"datePublished":"2017-04-23T13:07:59+00:00","dateModified":"2026-04-03T08:45:24+00:00","breadcrumb":{"@id":"https:\/\/www.skiclub-baden-baden.de\/?page_id=20#breadcrumb"},"inLanguage":"de","potentialAction":[{"@type":"ReadAction","target":["https:\/\/www.skiclub-baden-baden.de\/?page_id=20"]}]},{"@type":"BreadcrumbList","@id":"https:\/\/www.skiclub-baden-baden.de\/?page_id=20#breadcrumb","itemListElement":[{"@type":"ListItem","position":1,"name":"Startseite","item":"https:\/\/www.skiclub-baden-baden.de\/"},{"@type":"ListItem","position":2,"name":"Der Verein","item":"https:\/\/www.skiclub-baden-baden.de\/?page_id=18"},{"@type":"ListItem","position":3,"name":"Mitgliedschaft"}]},{"@type":"WebSite","@id":"https:\/\/www.skiclub-baden-baden.de\/#website","url":"https:\/\/www.skiclub-baden-baden.de\/","name":"#SCBB","description":"Skiclub Baden-Baden","potentialAction":[{"@type":"SearchAction","target":{"@type":"EntryPoint","urlTemplate":"https:\/\/www.skiclub-baden-baden.de\/?s={search_term_string}"},"query-input":{"@type":"PropertyValueSpecification","valueRequired":true,"valueName":"search_term_string"}}],"inLanguage":"de"}]}},"_links":{"self":[{"href":"https:\/\/www.skiclub-baden-baden.de\/index.php?rest_route=\/wp\/v2\/pages\/20","targetHints":{"allow":["GET"]}}],"collection":[{"href":"https:\/\/www.skiclub-baden-baden.de\/index.php?rest_route=\/wp\/v2\/pages"}],"about":[{"href":"https:\/\/www.skiclub-baden-baden.de\/index.php?rest_route=\/wp\/v2\/types\/page"}],"author":[{"embeddable":true,"href":"https:\/\/www.skiclub-baden-baden.de\/index.php?rest_route=\/wp\/v2\/users\/1"}],"replies":[{"embeddable":true,"href":"https:\/\/www.skiclub-baden-baden.de\/index.php?rest_route=%2Fwp%2Fv2%2Fcomments&post=20"}],"version-history":[{"count":54,"href":"https:\/\/www.skiclub-baden-baden.de\/index.php?rest_route=\/wp\/v2\/pages\/20\/revisions"}],"predecessor-version":[{"id":5222,"href":"https:\/\/www.skiclub-baden-baden.de\/index.php?rest_route=\/wp\/v2\/pages\/20\/revisions\/5222"}],"up":[{"embeddable":true,"href":"https:\/\/www.skiclub-baden-baden.de\/index.php?rest_route=\/wp\/v2\/pages\/18"}],"wp:attachment":[{"href":"https:\/\/www.skiclub-baden-baden.de\/index.php?rest_route=%2Fwp%2Fv2%2Fmedia&parent=20"}],"curies":[{"name":"wp","href":"https:\/\/api.w.org\/{rel}","templated":true}]}}