{"id":185,"date":"2017-04-23T16:24:31","date_gmt":"2017-04-23T16:24:31","guid":{"rendered":"http:\/\/www.skiclub-baden-baden.de\/?page_id=185"},"modified":"2025-12-14T12:50:55","modified_gmt":"2025-12-14T11:50:55","slug":"kontakt","status":"publish","type":"page","link":"https:\/\/www.skiclub-baden-baden.de\/?page_id=185","title":{"rendered":"Kontakt"},"content":{"rendered":"\n<style type=\"text\/css\" data-created_by=\"avia_inline_auto\" id=\"style-css-av-1kjbqx-4598a1d4320caa89d9dc17405c49be81\">\n.avia-section.av-1kjbqx-4598a1d4320caa89d9dc17405c49be81{\nbackground-repeat:no-repeat;\nbackground-image:url(https:\/\/www.skiclub-baden-baden.de\/wp-content\/uploads\/2017\/04\/Kontakt-1030x687.jpeg);\nbackground-position:0% 0%;\nbackground-attachment:fixed;\n}\n<\/style>\n<div id='av_section_1'  class='avia-section av-1kjbqx-4598a1d4320caa89d9dc17405c49be81 main_color avia-section-default avia-no-shadow  avia-builder-el-0  avia-builder-el-no-sibling  avia-full-stretch avia-bg-style-fixed container_wrap fullsize'  data-section-bg-repeat='stretch'><div class='container av-section-cont-open' ><main  role=\"main\" itemprop=\"mainContentOfPage\"  class='template-page content  av-content-full alpha units'><div class='post-entry post-entry-type-page post-entry-185'><div class='entry-content-wrapper clearfix'>\n\n<style type=\"text\/css\" data-created_by=\"avia_inline_auto\" id=\"style-css-av-1dta0h-c65c60e95df1bc8ff888f88a462b7289\">\n.flex_column.av-1dta0h-c65c60e95df1bc8ff888f88a462b7289{\n-webkit-border-radius:0% 0% 0% 0%;\n-moz-border-radius:0% 0% 0% 0%;\nborder-radius:0% 0% 0% 0%;\npadding:2% 2% 2% 2%;\nbackground-color:rgba(255,255,255,0.75);\n}\n<\/style>\n<div class='flex_column av-1dta0h-c65c60e95df1bc8ff888f88a462b7289 av_one_full  avia-builder-el-1  avia-builder-el-no-sibling  first flex_column_div '     ><section  class='av_textblock_section av-4bdi9-43360402f687fc58c3711fb3bea3f198'  itemscope=\"itemscope\" itemtype=\"https:\/\/schema.org\/CreativeWork\" ><div class='avia_textblock'  itemprop=\"text\" ><h3><span style=\"color: #00468c;\">Anschrift<\/span><\/h3>\n<p>Skiclub Baden-Baden e.V.<\/p>\n<div>Postfach 20 23<\/div>\n<div>76490 Baden-Baden<\/div>\n<p><a href=\"mailto:info@skiclub-baden-baden.de\" target=\"_blank\" rel=\"noopener\">info@skiclub-baden-baden.de<\/a><\/p>\n<h3><span style=\"color: #00468c;\">Kontakt zum Vorstand<\/span><\/h3>\n<p>Anna B\u00fcrck<br \/>\n+49 1512 2181547<\/p>\n<\/div><\/section><br \/>\n\n<style type=\"text\/css\" data-created_by=\"avia_inline_auto\" id=\"style-css-av-1585xd-d1706dd446b91cc8712a40ede630b370\">\n#top .hr.hr-invisible.av-1585xd-d1706dd446b91cc8712a40ede630b370{\nheight:50px;\n}\n<\/style>\n<div  class='hr av-1585xd-d1706dd446b91cc8712a40ede630b370 hr-invisible  avia-builder-el-3  el_after_av_textblock  el_before_av_textblock '><span class='hr-inner '><span class=\"hr-inner-style\"><\/span><\/span><\/div><br \/>\n<section  class='av_textblock_section av-ziykx-34e729555c2949fc237323600c309d3f'  itemscope=\"itemscope\" itemtype=\"https:\/\/schema.org\/CreativeWork\" ><div class='avia_textblock'  itemprop=\"text\" ><h3><span style=\"color: #00468c;\">Impressum<\/span><\/h3>\n<p><strong>Angaben gem\u00e4\u00df \u00a7 5 TMG:<\/strong><br \/>\nSkiclub Baden-Baden e.V.<br \/>\nPostfach 20 23<br \/>\n76490 Baden-Baden<\/p>\n<p><strong>Kontakt:<\/strong><br \/>\nE-Mail: info@skiclub-baden-baden.de<br \/>\noder schreib uns auf <a href=\"https:\/\/www.facebook.com\/SkiClubBB\/?ref=bookmarks\">Facebook<\/a><\/p>\n<p><strong>Registereintrag:<\/strong><br \/>\nEintragung im Vereinsregister.<br \/>\nRegistergericht: Amtsgericht Mannheim<br \/>\nRegisternummer: VR 200056<br \/>\nWir sind nicht bereit oder verpflichtet, an Streitbeilegungsverfahren vor einer Verbraucherschlichtungsstelle teilzunehmen.<\/p>\n<p><strong>Haftung f\u00fcr Inhalte<\/strong><br \/>\nAls Diensteanbieter sind wir gem\u00e4\u00df \u00a7 7 Abs.1 TMG f\u00fcr eigene Inhalte auf diesen Seiten nach den allgemeinen Gesetzen verantwortlich. Nach \u00a7\u00a7 8 bis 10 TMG sind wir als Diensteanbieter jedoch nicht verpflichtet, \u00fcbermittelte oder gespeicherte fremde Informationen zu \u00fcberwachen oder nach Umst\u00e4nden zu forschen, die auf eine rechtswidrige T\u00e4tigkeit hinweisen. Verpflichtungen zur Entfernung oder Sperrung der Nutzung von Informationen nach den allgemeinen<br \/>\nGesetzen bleiben hiervon unber\u00fchrt. Eine diesbez\u00fcgliche Haftung ist jedoch erst ab dem Zeitpunkt der Kenntnis einer konkreten Rechtsverletzung m\u00f6glich. Bei Bekanntwerden von entsprechenden Rechtsverletzungen werden wir diese Inhalte umgehend entfernen.<\/p>\n<p><strong>Haftung f\u00fcr Links<\/strong><br \/>\nUnser Angebot enth\u00e4lt Links zu externen Webseiten Dritter, auf deren Inhalte wir keinen Einfluss haben. Deshalb k\u00f6nnen wir f\u00fcr diese fremden Inhalte auch keine Gew\u00e4hr \u00fcbernehmen. F\u00fcr die Inhalte der verlinkten Seiten ist stets der jeweilige Anbieter oder Betreiber der Seiten verantwortlich. Die verlinkten Seiten wurden zum Zeitpunkt der Verlinkung auf m\u00f6gliche Rechtsverst\u00f6\u00dfe \u00fcberpr\u00fcft. Rechtswidrige Inhalte waren zum Zeitpunkt der Verlinkung nicht erkennbar. Eine permanente inhaltliche Kontrolle der verlinkten Seiten ist jedoch ohne konkrete Anhaltspunkte einer Rechtsverletzung nicht zumutbar. Bei Bekanntwerden von Rechtsverletzungen werden wir derartige Links umgehend entfernen.<\/p>\n<p><strong>Urheberrecht<\/strong><br \/>\nDie durch die Seitenbetreiber erstellten Inhalte und Werke auf diesen Seiten unterliegen dem deutschen Urheberrecht. Die Vervielf\u00e4ltigung, Bearbeitung, Verbreitung und jede Art der Verwertung au\u00dferhalb der Grenzen des Urheberrechtes bed\u00fcrfen der schriftlichen Zustimmung des jeweiligen Autors bzw. Erstellers. Downloads und Kopien dieser Seite sind nur f\u00fcr den privaten, nicht kommerziellen Gebrauch gestattet. Soweit die Inhalte auf dieser Seite nicht vom Betreiber erstellt wurden, werden die Urheberrechte Dritter beachtet. Insbesondere werden Inhalte Dritter als solche gekennzeichnet. Sollten Sie trotzdem auf eine Urheberrechtsverletzung aufmerksam werden, bitten wir um einen entsprechenden Hinweis. Bei Bekanntwerden von Rechtsverletzungen werden wir derartige Inhalte umgehend entfernen.<\/p>\n<p><strong>Quelle:<\/strong> https:\/\/www.e-recht24.de\/impressum-generator.html<\/p>\n<\/div><\/section><br \/>\n\n<style type=\"text\/css\" data-created_by=\"avia_inline_auto\" id=\"style-css-av-salw9-3aa3dd7f098950b0560f8f249940c6d0\">\n#top .hr.hr-invisible.av-salw9-3aa3dd7f098950b0560f8f249940c6d0{\nheight:50px;\n}\n<\/style>\n<div  class='hr av-salw9-3aa3dd7f098950b0560f8f249940c6d0 hr-invisible  avia-builder-el-5  el_after_av_textblock  el_before_av_textblock '><span class='hr-inner '><span class=\"hr-inner-style\"><\/span><\/span><\/div><br \/>\n<section  class='av_textblock_section av-njvah-4eb8b7f768706512c910a2ef5af0d13a'  itemscope=\"itemscope\" itemtype=\"https:\/\/schema.org\/CreativeWork\" ><div class='avia_textblock'  itemprop=\"text\" ><h3><span style=\"color: #00468c;\">Haftungsausschuss<\/span><\/h3>\n<div>\n<p class=\"Wp-Normal-P\"><span class=\"Normal-C-C0\">1. Jeder Teilnehmer ist allein f\u00fcr sein Verhalten verantwortlich.<\/span><\/p>\n<p class=\"Wp-Normal-P\"><span class=\"Normal-C-C0\">2. Der Teilnehmer nimmt auf eigene Verantwortung an den Veranstaltungen teil. Er tr\u00e4gt die alleinige zivil-und strafrechtliche Verantwortung f\u00fcr alle von ihm und dem von dem Teilnehmer verursachten Sch\u00e4den, soweit diesbez\u00fcglich kein Haftungsausschluss vereinbart wurde.<\/span><\/p>\n<p class=\"Wp-Normal-P\"><span class=\"Normal-C-C0\">3. Der Teilnehmer erkl\u00e4rt seinen Verzicht auf Anspr\u00fcche jeder Art f\u00fcr Sch\u00e4den, die im Zusammenhang mit der Veranstaltung entstehen gegen\u00fcber dem Skiclub Baden-Baden.<\/span><\/p>\n<p class=\"Wp-Normal-P\"><span class=\"Normal-C-C0\">4. Der Haftungsverzicht gilt f\u00fcr alle Anspr\u00fcche aus jeglichem Rechtsgrund, insbesondere sowohl f\u00fcr Schadensersatzanspr\u00fcche aus Vertraglicher als auch au\u00dfervertraglicher Haftung und auch f\u00fcr Anspr\u00fcche aus unerlaubter Handlung.<\/span><\/p>\n<p class=\"Wp-Normal-P\"><span class=\"Normal-C-C0\">5. Jeder Teilnehmer tritt sein Recht am eigenen Bild (auch Bildnisrecht) an Bildern\/Videos jeglicher Art und Anfertigung ab und gibt die Nutzung dieser Bilder frei.<\/span><\/p>\n<\/div>\n<div>6. Teilnehmer ab 16 Jahren bed\u00fcrfen tags\u00fcber keinerlei Aufsichtsperson und erkl\u00e4ren sich in der Lage, aufgrund ihrer geistigen und k\u00f6rperlichen Reife, sich selbstst\u00e4ndig\u00a0im Skigebiet, auf dem Weg zu und von der\u00a0Unterkunft, in und au\u00dferhalb der Unterkunft zu bewegen. Es ist keinerlei elterliche F\u00fcrsorgepflicht erforderlich. F\u00fcr Teilnehmer ab 16 Jahren\u00a0befreit sich der Skiclub Baden-Baden e.V. tags\u00fcber\u00a0von jeglicher F\u00fcrsorge- und Aufsichtspflicht.\u200b<\/div>\n<\/div><\/section><br \/>\n\n<style type=\"text\/css\" data-created_by=\"avia_inline_auto\" id=\"style-css-av-gv0rl-d9c118b2d5882e81f59abf60fc3ccd46\">\n#top .hr.hr-invisible.av-gv0rl-d9c118b2d5882e81f59abf60fc3ccd46{\nheight:50px;\n}\n<\/style>\n<div  class='hr av-gv0rl-d9c118b2d5882e81f59abf60fc3ccd46 hr-invisible  avia-builder-el-7  el_after_av_textblock  el_before_av_textblock '><span class='hr-inner '><span class=\"hr-inner-style\"><\/span><\/span><\/div><br \/>\n<section  class='av_textblock_section av-7vnk9-36fbc1bee509e5a76f4bdcfe4d5438ff'  itemscope=\"itemscope\" itemtype=\"https:\/\/schema.org\/CreativeWork\" ><div class='avia_textblock'  itemprop=\"text\" ><h3><span style=\"color: #00468c;\">Datenschutzerkl\u00e4rung<\/span><\/h3>\n<p><strong>Datenschutz<\/strong><br \/>\nDie Betreiber dieser Seiten nehmen den Schutz Ihrer pers\u00f6nlichen Daten sehr ernst. Wir behandeln Ihre personenbezogenen Daten vertraulich und entsprechend der gesetzlichen Datenschutzvorschriften sowie dieser Datenschutzerkl\u00e4rung. Die Nutzung unserer Webseite ist in der Regel ohne Angabe personenbezogener Daten m\u00f6glich. Soweit auf unseren Seiten personenbezogene Daten (beispielsweise Name, Anschrift oder E-Mail-Adressen) erhoben werden, erfolgt dies, soweit m\u00f6glich, stets auf freiwilliger Basis. Diese Daten werden ohne Ihre ausdr\u00fcckliche Zustimmung nicht an Dritte weitergegeben. Wir weisen darauf hin, dass die Daten\u00fcbertragung im Internet (z.B. bei der Kommunikation per E-Mail) Sicherheitsl\u00fccken aufweisen kann. Ein l\u00fcckenloser Schutz der Daten vor dem Zugriff durch Dritte ist nicht m\u00f6glich.<\/p>\n<p><strong>Cookies<\/strong><br \/>\nDie Internetseiten verwenden teilweise so genannte Cookies. Cookies richten auf Ihrem Rechner keinen Schaden an und enthalten keine Viren. Cookies dienen dazu, unser Angebot nutzerfreundlicher, effektiver und sicherer zu machen. Cookies sind kleine Textdateien, die auf Ihrem Rechner abgelegt werden und die Ihr Browser speichert. Die meisten der von uns verwendeten Cookies sind so genannte \u201eSession-Cookies\u201c. Sie werden nach Ende Ihres Besuchs automatisch gel\u00f6scht. Andere Cookies bleiben auf Ihrem Endger\u00e4t gespeichert, bis Sie diese l\u00f6schen. Diese Cookies erm\u00f6glichen es uns, Ihren Browser beim n\u00e4chsten Besuch wiederzuerkennen. Sie k\u00f6nnen Ihren Browser so einstellen, dass Sie \u00fcber das Setzen von Cookies informiert werden und Cookies nur im Einzelfall erlauben, die Annahme von Cookies f\u00fcr bestimmte F\u00e4lle oder generell ausschlie\u00dfen sowie das automatische L\u00f6schen der Cookies beim Schlie\u00dfen des Browser aktivieren. Bei der Deaktivierung von Cookies kann die Funktionalit\u00e4t dieser Website eingeschr\u00e4nkt sein.<\/p>\n<p><strong>Server-Log-Files<\/strong><br \/>\nDer Provider der Seiten erhebt und speichert automatisch Informationen in so genannten Server-Log Files, die Ihr Browser automatisch an uns \u00fcbermittelt. Dies sind: Browsertyp und Browserversion, verwendetes Betriebssystem, Referrer URL, Hostname des zugreifenden Rechners, Uhrzeit der Serveranfrage<br \/>\nDiese Daten sind nicht bestimmten Personen zuordenbar. Eine Zusammenf\u00fchrung dieser Daten mit anderen Datenquellen wird nicht vorgenommen. Wir behalten uns vor, diese Daten nachtr\u00e4glich zu pr\u00fcfen, wenn uns konkrete Anhaltspunkte f\u00fcr eine rechtswidrige Nutzung bekannt werden.<\/p>\n<p><strong>Kontaktformular<\/strong><br \/>\nWenn Sie uns per Kontaktformular Anfragen zukommen lassen, werden Ihre Angaben aus dem Anfrageformular inklusive der von Ihnen dort angegebenen Kontaktdaten zwecks Bearbeitung der Anfrage und f\u00fcr den Fall von Anschlussfragen bei uns gespeichert. Diese Daten geben wir nicht ohne Ihre Einwilligung weiter.<\/p>\n<p><strong>Datenschutzerkl\u00e4rung f\u00fcr die Nutzung von Facebook Plugins (Like-<\/strong><strong>Button)<\/strong><br \/>\nAuf unseren Seiten sind Plugins des sozialen Netzwerks Facebook, Anbieter Facebook Inc., 1 Hacker Way, Menlo Park, California 94025, USA, integriert. Die Facebook-Plugins erkennen Sie an dem Facebook-Logo oder dem &#8220;Like-Button&#8221; (&#8220;Gef\u00e4llt mir&#8221;) auf unserer Seite. Eine \u00dcbersicht \u00fcber die Facebook-Plugins finden Sie hier: http:\/\/developers.facebook.com\/docs\/plugins\/. Wenn Sie unsere Seiten besuchen, wird \u00fcber das Plugin eine direkte Verbindung zwischen Ihrem Browser und dem Facebook-Server hergestellt. Facebook erh\u00e4lt dadurch die Information, dass Sie mit Ihrer IP-Adresse unsere Seite besucht haben. Wenn Sie den Facebook &#8220;Like-Button&#8221; anklicken w\u00e4hrend Sie in Ihrem Facebook-Account eingeloggt sind, k\u00f6nnen Sie die Inhalte unserer Seiten auf Ihrem<br \/>\nFacebook-Profil verlinken. Dadurch kann Facebook den Besuch unserer Seiten Ihrem Benutzerkonto zuordnen. Wir weisen darauf hin, dass wir als Anbieter der Seiten keine Kenntnis vom Inhalt der \u00fcbermittelten Daten sowie deren Nutzung durch Facebook erhalten. Weitere Informationen hierzu finden Sie in der Datenschutzerkl\u00e4rung von Facebook unter http:\/\/de-de.facebook.com\/policy.php. Wenn Sie nicht w\u00fcnschen, dass Facebook den Besuch unserer Seiten Ihrem Facebook-Nutzerkonto zuordnen kann, loggen Sie sich bitte aus Ihrem Facebook-Benutzerkonto aus.<\/p>\n<p><strong>Kommentarfunktion auf dieser Webseite<\/strong><br \/>\nF\u00fcr die Kommentarfunktion auf dieser Seite werden neben Ihrem Kommentar auch Angaben zum Zeitpunkt der Erstellung des Kommentars und, wenn Sie nicht anonym posten, der von Ihnen gew\u00e4hlte Nutzername gespeichert.<\/p>\n<p><strong>Speicherung der IP Adresse<\/strong><br \/>\nUnsere Kommentarfunktion speichert die IP-Adressen der Nutzer, die Kommentare verfassen. Da wir Kommentare auf unserer Seite nicht vor der Freischaltung pr\u00fcfen, ben\u00f6tigen wir diese Daten, um im Falle von Rechtsverletzungen wie Beleidigungen oder Propaganda gegen den Verfasser vorgehen zu k\u00f6nnen.<\/p>\n<p><strong>Abonnieren von Kommentaren<\/strong><br \/>\nAls Nutzer der Seite k\u00f6nnen Sie nach einer Anmeldung Kommentare abonnieren. Sie erhalten eine Best\u00e4tigungsemail, um zu pr\u00fcfen, ob Sie der Inhaber der angegebenen E-Mail-Adresse sind. Sie k\u00f6nnen diese Funktion jederzeit \u00fcber einen Link in den Info-Mails abbestellen.<\/p>\n<p><strong>SSL-Verschl\u00fcsselung<\/strong><br \/>\nDiese Seite nutzt aus Gr\u00fcnden der Sicherheit und zum Schutz der \u00dcbertragung vertraulicher Inhalte, wie zum Beispiel der Anfragen, die Sie an uns als Seitenbetreiber senden, eine SSL-Verschl\u00fcsselung. Eine verschl\u00fcsselte Verbindung erkennen Sie daran, dass die Adresszeile des Browsers von &#8220;http:\/\/&#8221; auf<br \/>\n&#8220;https:\/\/&#8221; wechselt und an dem Schloss-Symbol in Ihrer Browserzeile. Wenn die SSL Verschl\u00fcsselung aktiviert ist, k\u00f6nnen die Daten, die Sie an uns \u00fcbermitteln, nicht von<br \/>\nDritten mitgelesen werden.<\/p>\n<p><strong>Quelle:<\/strong> https:\/\/www.e-recht24.de\/muster-datenschutzerklaerung.html<\/p>\n<p><strong>Nutzung pers\u00f6nlicher Daten<\/strong><br \/>\nDer Skiclub Baden-Baden nutzt pers\u00f6nliche Daten aus <strong>Anmeldeformularen<\/strong> lediglich zur Kommunikation mit angemeldeten Teilnehmern.<\/p>\n<p>Der Skiclub Baden-Baden nutzt pers\u00f6nliche Mitgliedsdaten aus <strong>Anmeldeformularen f\u00fcr Mitglieder<\/strong>\u00a0zur Kommunikation, zu anonymisierten statistischen Auswertungen des Mitgliederstamms, sowie zur Berechnung und in Rechnung Stellung der Mitgliedsbeitr\u00e4ge. Die Altersstruktur und -verteilung des Mitgliederstamms meldet der Skiclub Baden-Baden dem Skiverband Schwarzwald, dem Kanu-Verband Baden-W\u00fcrttemberg, sowie dem Badischen Sportbund.<\/p>\n<p>Der Skiclub Baden-Baden nutzt pers\u00f6nliche Daten aus <strong>Feedbackformularen<\/strong> zur anonymisierten und ausfahrtsspezifischen Auswertung der R\u00fcckmeldungen. Zus\u00e4tzlich nutzt der Skiclub Baden-Baden diese Daten f\u00fcr Auswertungen des Buchungsverhaltens der Teilnehmer. Diese Auswertungen nutzt der Skiclub Baden-Baden, um Kommunikationskan\u00e4le zu Mitgliedern und Ausfahrsteilnehmern relevant bespielen zu k\u00f6nnen.<\/p>\n<p>Grunds\u00e4tzlich werden pers\u00f6nliche Daten ausschlie\u00dflich durch den Skiclub Baden-Baden verwaltet und ausgewertet.<\/p>\n<p><strong>Datenschutzerkl\u00e4rung f\u00fcr die Nutzung von Google Analytics<\/strong><\/p>\n<p>Diese Website benutzt Google Analytics, einen Webanalysedienst der Google Inc. (&#8220;Google&#8221;). Google Analytics verwendet sog. &#8220;Cookies&#8221;, Textdateien, die auf Ihrem Computer gespeichert werden und die eine Analyse der Benutzung der Website durch Sie erm\u00f6glichen. Die durch den Cookie erzeugten Informationen \u00fcber Ihre Benutzung dieser Website werden in der Regel an einen Server von Google in den USA \u00fcbertragen und dort gespeichert. Im Falle der Aktivierung der IP-Anonymisierung auf dieser Webseite wird Ihre IP-Adresse von Google jedoch innerhalb von Mitgliedstaaten der Europ\u00e4ischen Union oder in anderen Vertragsstaaten des Abkommens \u00fcber den Europ\u00e4ischen Wirtschaftsraum zuvor gek\u00fcrzt.<\/p>\n<p>Nur in Ausnahmef\u00e4llen wird die volle IP-Adresse an einen Server von Google in den USA \u00fcbertragen und dort gek\u00fcrzt. Im Auftrag des Betreibers dieser Website wird Google diese Informationen benutzen, um Ihre Nutzung der Website auszuwerten, um Reports \u00fcber die Websiteaktivit\u00e4ten zusammenzustellen und um weitere mit der Websitenutzung und der Internetnutzung verbundene Dienstleistungen gegen\u00fcber dem Websitebetreiber zu erbringen. Die im Rahmen von Google Analytics von Ihrem Browser \u00fcbermittelte IP-Adresse wird nicht mit anderen Daten von Google zusammengef\u00fchrt.<\/p>\n<p>Sie k\u00f6nnen die Speicherung der Cookies durch eine entsprechende Einstellung Ihrer Browser-Software verhindern; wir weisen Sie jedoch darauf hin, dass Sie in diesem Fall gegebenenfalls nicht s\u00e4mtliche Funktionen dieser Website vollumf\u00e4nglich werden nutzen k\u00f6nnen. Sie k\u00f6nnen dar\u00fcber hinaus die Erfassung der durch das Cookie erzeugten und auf Ihre Nutzung der Website bezogenen Daten (inkl. Ihrer IP-Adresse) an Google sowie die Verarbeitung dieser Daten durch Google verhindern, indem sie das unter dem folgenden Link verf\u00fcgbare Browser-Plugin herunterladen und installieren: <a href=\"http:\/\/tools.google.com\/dlpage\/gaoptout?hl=de\">http:\/\/tools.google.com\/dlpage\/gaoptout?hl=de<\/a>.<\/p>\n<p><strong>Datenschutzerkl\u00e4rung Google Maps<\/strong><\/p>\n<p>Diese Webseite verwendet das Produkt Google Maps von Google Inc. Durch Nutzung dieser Webseite erkl\u00e4ren Sie sich mit der Erfassung, Bearbeitung sowie Nutzung der automatisiert erhobenen Daten durch Google Inc, deren Vertreter sowie Dritter einverstanden.<br \/>\nDie Nutzungsbedingungen von Google Maps finden sie unter <a href=\"http:\/\/www.google.com\/intl\/de_de\/help\/terms_maps.html\">&#8220;Nutzungsbedingungen von Google Maps&#8221;<\/a>.<\/p>\n<\/div><\/section><\/p><\/div>\n","protected":false},"excerpt":{"rendered":"","protected":false},"author":1,"featured_media":0,"parent":0,"menu_order":0,"comment_status":"closed","ping_status":"closed","template":"","meta":{"_monsterinsights_skip_tracking":false,"_monsterinsights_sitenote_active":false,"_monsterinsights_sitenote_note":"","_monsterinsights_sitenote_category":0,"footnotes":""},"class_list":["post-185","page","type-page","status-publish","hentry"],"yoast_head":"<!-- This site is optimized with the Yoast SEO plugin v26.6 - https:\/\/yoast.com\/wordpress\/plugins\/seo\/ -->\n<title>Kontakt &#8211; #SCBB<\/title>\n<meta name=\"robots\" content=\"index, follow, max-snippet:-1, max-image-preview:large, max-video-preview:-1\" \/>\n<link rel=\"canonical\" href=\"https:\/\/www.skiclub-baden-baden.de\/?page_id=185\" \/>\n<meta property=\"og:locale\" content=\"de_DE\" \/>\n<meta property=\"og:type\" content=\"article\" \/>\n<meta property=\"og:title\" content=\"Kontakt &#8211; #SCBB\" \/>\n<meta property=\"og:url\" content=\"https:\/\/www.skiclub-baden-baden.de\/?page_id=185\" \/>\n<meta property=\"og:site_name\" content=\"#SCBB\" \/>\n<meta property=\"article:modified_time\" content=\"2025-12-14T11:50:55+00:00\" \/>\n<meta name=\"twitter:card\" content=\"summary_large_image\" \/>\n<meta name=\"twitter:label1\" content=\"Gesch\u00e4tzte Lesezeit\" \/>\n\t<meta name=\"twitter:data1\" content=\"10\u00a0Minuten\" \/>\n<script type=\"application\/ld+json\" class=\"yoast-schema-graph\">{\"@context\":\"https:\/\/schema.org\",\"@graph\":[{\"@type\":\"WebPage\",\"@id\":\"https:\/\/www.skiclub-baden-baden.de\/?page_id=185\",\"url\":\"https:\/\/www.skiclub-baden-baden.de\/?page_id=185\",\"name\":\"Kontakt &#8211; #SCBB\",\"isPartOf\":{\"@id\":\"https:\/\/www.skiclub-baden-baden.de\/#website\"},\"datePublished\":\"2017-04-23T16:24:31+00:00\",\"dateModified\":\"2025-12-14T11:50:55+00:00\",\"breadcrumb\":{\"@id\":\"https:\/\/www.skiclub-baden-baden.de\/?page_id=185#breadcrumb\"},\"inLanguage\":\"de\",\"potentialAction\":[{\"@type\":\"ReadAction\",\"target\":[\"https:\/\/www.skiclub-baden-baden.de\/?page_id=185\"]}]},{\"@type\":\"BreadcrumbList\",\"@id\":\"https:\/\/www.skiclub-baden-baden.de\/?page_id=185#breadcrumb\",\"itemListElement\":[{\"@type\":\"ListItem\",\"position\":1,\"name\":\"Startseite\",\"item\":\"https:\/\/www.skiclub-baden-baden.de\/\"},{\"@type\":\"ListItem\",\"position\":2,\"name\":\"Kontakt\"}]},{\"@type\":\"WebSite\",\"@id\":\"https:\/\/www.skiclub-baden-baden.de\/#website\",\"url\":\"https:\/\/www.skiclub-baden-baden.de\/\",\"name\":\"#SCBB\",\"description\":\"Skiclub Baden-Baden\",\"potentialAction\":[{\"@type\":\"SearchAction\",\"target\":{\"@type\":\"EntryPoint\",\"urlTemplate\":\"https:\/\/www.skiclub-baden-baden.de\/?s={search_term_string}\"},\"query-input\":{\"@type\":\"PropertyValueSpecification\",\"valueRequired\":true,\"valueName\":\"search_term_string\"}}],\"inLanguage\":\"de\"}]}<\/script>\n<!-- \/ Yoast SEO plugin. -->","yoast_head_json":{"title":"Kontakt &#8211; #SCBB","robots":{"index":"index","follow":"follow","max-snippet":"max-snippet:-1","max-image-preview":"max-image-preview:large","max-video-preview":"max-video-preview:-1"},"canonical":"https:\/\/www.skiclub-baden-baden.de\/?page_id=185","og_locale":"de_DE","og_type":"article","og_title":"Kontakt &#8211; #SCBB","og_url":"https:\/\/www.skiclub-baden-baden.de\/?page_id=185","og_site_name":"#SCBB","article_modified_time":"2025-12-14T11:50:55+00:00","twitter_card":"summary_large_image","twitter_misc":{"Gesch\u00e4tzte Lesezeit":"10\u00a0Minuten"},"schema":{"@context":"https:\/\/schema.org","@graph":[{"@type":"WebPage","@id":"https:\/\/www.skiclub-baden-baden.de\/?page_id=185","url":"https:\/\/www.skiclub-baden-baden.de\/?page_id=185","name":"Kontakt &#8211; #SCBB","isPartOf":{"@id":"https:\/\/www.skiclub-baden-baden.de\/#website"},"datePublished":"2017-04-23T16:24:31+00:00","dateModified":"2025-12-14T11:50:55+00:00","breadcrumb":{"@id":"https:\/\/www.skiclub-baden-baden.de\/?page_id=185#breadcrumb"},"inLanguage":"de","potentialAction":[{"@type":"ReadAction","target":["https:\/\/www.skiclub-baden-baden.de\/?page_id=185"]}]},{"@type":"BreadcrumbList","@id":"https:\/\/www.skiclub-baden-baden.de\/?page_id=185#breadcrumb","itemListElement":[{"@type":"ListItem","position":1,"name":"Startseite","item":"https:\/\/www.skiclub-baden-baden.de\/"},{"@type":"ListItem","position":2,"name":"Kontakt"}]},{"@type":"WebSite","@id":"https:\/\/www.skiclub-baden-baden.de\/#website","url":"https:\/\/www.skiclub-baden-baden.de\/","name":"#SCBB","description":"Skiclub Baden-Baden","potentialAction":[{"@type":"SearchAction","target":{"@type":"EntryPoint","urlTemplate":"https:\/\/www.skiclub-baden-baden.de\/?s={search_term_string}"},"query-input":{"@type":"PropertyValueSpecification","valueRequired":true,"valueName":"search_term_string"}}],"inLanguage":"de"}]}},"_links":{"self":[{"href":"https:\/\/www.skiclub-baden-baden.de\/index.php?rest_route=\/wp\/v2\/pages\/185","targetHints":{"allow":["GET"]}}],"collection":[{"href":"https:\/\/www.skiclub-baden-baden.de\/index.php?rest_route=\/wp\/v2\/pages"}],"about":[{"href":"https:\/\/www.skiclub-baden-baden.de\/index.php?rest_route=\/wp\/v2\/types\/page"}],"author":[{"embeddable":true,"href":"https:\/\/www.skiclub-baden-baden.de\/index.php?rest_route=\/wp\/v2\/users\/1"}],"replies":[{"embeddable":true,"href":"https:\/\/www.skiclub-baden-baden.de\/index.php?rest_route=%2Fwp%2Fv2%2Fcomments&post=185"}],"version-history":[{"count":27,"href":"https:\/\/www.skiclub-baden-baden.de\/index.php?rest_route=\/wp\/v2\/pages\/185\/revisions"}],"predecessor-version":[{"id":5206,"href":"https:\/\/www.skiclub-baden-baden.de\/index.php?rest_route=\/wp\/v2\/pages\/185\/revisions\/5206"}],"wp:attachment":[{"href":"https:\/\/www.skiclub-baden-baden.de\/index.php?rest_route=%2Fwp%2Fv2%2Fmedia&parent=185"}],"curies":[{"name":"wp","href":"https:\/\/api.w.org\/{rel}","templated":true}]}}