{"id":18,"date":"2017-04-23T13:07:50","date_gmt":"2017-04-23T13:07:50","guid":{"rendered":"http:\/\/www.skiclub-baden-baden.de\/?page_id=18"},"modified":"2025-12-14T12:50:25","modified_gmt":"2025-12-14T11:50:25","slug":"der-verein-x","status":"publish","type":"page","link":"https:\/\/www.skiclub-baden-baden.de\/?page_id=18","title":{"rendered":"Der Verein"},"content":{"rendered":"\n<style type=\"text\/css\" data-created_by=\"avia_inline_auto\" id=\"style-css-av-38rby-1dd236e4bf20cb991807ac1f3fdbd5a6\">\n.avia-section.av-38rby-1dd236e4bf20cb991807ac1f3fdbd5a6{\nbackground-repeat:no-repeat;\nbackground-image:url(https:\/\/www.skiclub-baden-baden.de\/wp-content\/uploads\/2017\/08\/Verein-resized-2-1030x515.png);\nbackground-position:0% 0%;\nbackground-attachment:fixed;\n}\n<\/style>\n<div id='av_section_1'  class='avia-section av-38rby-1dd236e4bf20cb991807ac1f3fdbd5a6 main_color avia-section-default avia-no-shadow  avia-builder-el-0  avia-builder-el-no-sibling  avia-full-stretch avia-bg-style-fixed container_wrap fullsize'  data-section-bg-repeat='stretch'><div class='container av-section-cont-open' ><main  role=\"main\" itemprop=\"mainContentOfPage\"  class='template-page content  av-content-full alpha units'><div class='post-entry post-entry-type-page post-entry-18'><div class='entry-content-wrapper clearfix'>\n<div class='flex_column_table av-2nefe-9bf00539b41102bb84087bb310d70c93 sc-av_one_half av-equal-height-column-flextable'>\n<style type=\"text\/css\" data-created_by=\"avia_inline_auto\" id=\"style-css-av-2nefe-9bf00539b41102bb84087bb310d70c93\">\n.flex_column.av-2nefe-9bf00539b41102bb84087bb310d70c93{\n-webkit-border-radius:0px 0px 0px 0px;\n-moz-border-radius:0px 0px 0px 0px;\nborder-radius:0px 0px 0px 0px;\npadding:2% 2% 2% 2%;\nbackground-color:rgba(255,255,255,0.75);\n}\n<\/style>\n<div class='flex_column av-2nefe-9bf00539b41102bb84087bb310d70c93 av_one_half  avia-builder-el-1  el_before_av_one_half  avia-builder-el-first  first no_margin flex_column_table_cell av-equal-height-column av-align-top '     ><section  class='av_textblock_section av-20gvy-157e618505dfeb1e640a6b2f04daccdd'  itemscope=\"itemscope\" itemtype=\"https:\/\/schema.org\/CreativeWork\" ><div class='avia_textblock'  itemprop=\"text\" ><p>Wir sind \u00fcbergl\u00fccklich, auf eine \u00fcber 100-j\u00e4hrige Vereinsgeschichte zur\u00fcckzublicken. Der Skiclub Baden-Baden ist stolz auf das Erreichte und auf seine lokale Bekanntheit. Noch stolzer sind wir nat\u00fcrlich auf das positive Feedback, das wir von Teilnehmern unserer Aktivit\u00e4ten bekommen. Sei es in der Ski-, Kanu- oder Fitnessabteilung, zufriedene Mitglieder sind die treibende Kraft hinter allem was was wir tun.<\/p>\n<p>Wenn du auch ein Mitglied unseres Vereins werden m\u00f6chtest, bist du hier genau richtig. Du kannst uns bei unseren Aktivit\u00e4ten begleiten und unser Vereinsleben stets mitgestalten.<\/p>\n<\/div><\/section><\/div>\n<style type=\"text\/css\" data-created_by=\"avia_inline_auto\" id=\"style-css-av-1inu6-0aea26130f10bf96db110c999407fa63\">\n.flex_column.av-1inu6-0aea26130f10bf96db110c999407fa63{\n-webkit-border-radius:0px 0px 0px 0px;\n-moz-border-radius:0px 0px 0px 0px;\nborder-radius:0px 0px 0px 0px;\npadding:2% 2% 2% 2%;\nbackground-color:rgba(255,255,255,0.75);\n}\n<\/style>\n<div class='flex_column av-1inu6-0aea26130f10bf96db110c999407fa63 av_one_half  avia-builder-el-3  el_after_av_one_half  avia-builder-el-last  no_margin flex_column_table_cell av-equal-height-column av-align-top '     ><style type=\"text\/css\" data-created_by=\"avia_inline_auto\" id=\"style-css-av-p7f6-2e5a4fa535e68c4951ebdf255ae347ef\">\n.avia-image-container.av-p7f6-2e5a4fa535e68c4951ebdf255ae347ef img.avia_image{\nbox-shadow:none;\n}\n.avia-image-container.av-p7f6-2e5a4fa535e68c4951ebdf255ae347ef .av-image-caption-overlay-center{\ncolor:#ffffff;\n}\n<\/style>\n<div  class='avia-image-container av-p7f6-2e5a4fa535e68c4951ebdf255ae347ef av-styling- avia-align-center  avia-builder-el-4  avia-builder-el-no-sibling '   itemprop=\"image\" itemscope=\"itemscope\" itemtype=\"https:\/\/schema.org\/ImageObject\" ><div class=\"avia-image-container-inner\"><div class=\"avia-image-overlay-wrap\"><img decoding=\"async\" class='wp-image-243 avia-img-lazy-loading-not-243 avia_image ' src=\"https:\/\/www.skiclub-baden-baden.de\/wp-content\/uploads\/2017\/07\/Er\u00f6ffnungsspringen-1951_3-258x300.jpg\" alt='' title='Er\u00f6ffnungsspringen 1951_3'  height=\"300\" width=\"258\"  itemprop=\"thumbnailUrl\" srcset=\"https:\/\/www.skiclub-baden-baden.de\/wp-content\/uploads\/2017\/07\/Er\u00f6ffnungsspringen-1951_3-258x300.jpg 258w, https:\/\/www.skiclub-baden-baden.de\/wp-content\/uploads\/2017\/07\/Er\u00f6ffnungsspringen-1951_3-768x894.jpg 768w, https:\/\/www.skiclub-baden-baden.de\/wp-content\/uploads\/2017\/07\/Er\u00f6ffnungsspringen-1951_3-885x1030.jpg 885w, https:\/\/www.skiclub-baden-baden.de\/wp-content\/uploads\/2017\/07\/Er\u00f6ffnungsspringen-1951_3-1289x1500.jpg 1289w, https:\/\/www.skiclub-baden-baden.de\/wp-content\/uploads\/2017\/07\/Er\u00f6ffnungsspringen-1951_3-606x705.jpg 606w, https:\/\/www.skiclub-baden-baden.de\/wp-content\/uploads\/2017\/07\/Er\u00f6ffnungsspringen-1951_3-450x524.jpg 450w, https:\/\/www.skiclub-baden-baden.de\/wp-content\/uploads\/2017\/07\/Er\u00f6ffnungsspringen-1951_3.jpg 1309w\" sizes=\"(max-width: 258px) 100vw, 258px\" \/><\/div><\/div><\/div><\/div><\/div><!--close column table wrapper. Autoclose: 1 -->\n","protected":false},"excerpt":{"rendered":"","protected":false},"author":1,"featured_media":155,"parent":0,"menu_order":0,"comment_status":"closed","ping_status":"closed","template":"","meta":{"_monsterinsights_skip_tracking":false,"_monsterinsights_sitenote_active":false,"_monsterinsights_sitenote_note":"","_monsterinsights_sitenote_category":0,"footnotes":""},"class_list":["post-18","page","type-page","status-publish","has-post-thumbnail","hentry"],"yoast_head":"<!-- This site is optimized with the Yoast SEO plugin v26.6 - https:\/\/yoast.com\/wordpress\/plugins\/seo\/ -->\n<title>Willkommen beim Skiclub Baden-Baden - Der Verein<\/title>\n<meta name=\"robots\" content=\"index, follow, max-snippet:-1, max-image-preview:large, max-video-preview:-1\" \/>\n<link rel=\"canonical\" href=\"https:\/\/www.skiclub-baden-baden.de\/?page_id=18\" \/>\n<meta property=\"og:locale\" content=\"de_DE\" \/>\n<meta property=\"og:type\" content=\"article\" \/>\n<meta property=\"og:title\" content=\"Willkommen beim Skiclub Baden-Baden - Der Verein\" \/>\n<meta property=\"og:url\" content=\"https:\/\/www.skiclub-baden-baden.de\/?page_id=18\" \/>\n<meta property=\"og:site_name\" content=\"#SCBB\" \/>\n<meta property=\"article:modified_time\" content=\"2025-12-14T11:50:25+00:00\" \/>\n<meta property=\"og:image\" content=\"https:\/\/www.skiclub-baden-baden.de\/wp-content\/uploads\/2017\/04\/e830b00f2cf7003ecd0b4204e2445b97e77ee0dc1fb0104395_1920.jpg\" \/>\n\t<meta property=\"og:image:width\" content=\"1406\" \/>\n\t<meta property=\"og:image:height\" content=\"1920\" \/>\n\t<meta property=\"og:image:type\" content=\"image\/jpeg\" \/>\n<meta name=\"twitter:card\" content=\"summary_large_image\" \/>\n<meta name=\"twitter:label1\" content=\"Gesch\u00e4tzte Lesezeit\" \/>\n\t<meta name=\"twitter:data1\" content=\"1\u00a0Minute\" \/>\n<script type=\"application\/ld+json\" class=\"yoast-schema-graph\">{\"@context\":\"https:\/\/schema.org\",\"@graph\":[{\"@type\":\"WebPage\",\"@id\":\"https:\/\/www.skiclub-baden-baden.de\/?page_id=18\",\"url\":\"https:\/\/www.skiclub-baden-baden.de\/?page_id=18\",\"name\":\"Willkommen beim Skiclub Baden-Baden - Der Verein\",\"isPartOf\":{\"@id\":\"https:\/\/www.skiclub-baden-baden.de\/#website\"},\"primaryImageOfPage\":{\"@id\":\"https:\/\/www.skiclub-baden-baden.de\/?page_id=18#primaryimage\"},\"image\":{\"@id\":\"https:\/\/www.skiclub-baden-baden.de\/?page_id=18#primaryimage\"},\"thumbnailUrl\":\"https:\/\/www.skiclub-baden-baden.de\/wp-content\/uploads\/2017\/04\/e830b00f2cf7003ecd0b4204e2445b97e77ee0dc1fb0104395_1920.jpg\",\"datePublished\":\"2017-04-23T13:07:50+00:00\",\"dateModified\":\"2025-12-14T11:50:25+00:00\",\"breadcrumb\":{\"@id\":\"https:\/\/www.skiclub-baden-baden.de\/?page_id=18#breadcrumb\"},\"inLanguage\":\"de\",\"potentialAction\":[{\"@type\":\"ReadAction\",\"target\":[\"https:\/\/www.skiclub-baden-baden.de\/?page_id=18\"]}]},{\"@type\":\"ImageObject\",\"inLanguage\":\"de\",\"@id\":\"https:\/\/www.skiclub-baden-baden.de\/?page_id=18#primaryimage\",\"url\":\"https:\/\/www.skiclub-baden-baden.de\/wp-content\/uploads\/2017\/04\/e830b00f2cf7003ecd0b4204e2445b97e77ee0dc1fb0104395_1920.jpg\",\"contentUrl\":\"https:\/\/www.skiclub-baden-baden.de\/wp-content\/uploads\/2017\/04\/e830b00f2cf7003ecd0b4204e2445b97e77ee0dc1fb0104395_1920.jpg\",\"width\":1406,\"height\":1920},{\"@type\":\"BreadcrumbList\",\"@id\":\"https:\/\/www.skiclub-baden-baden.de\/?page_id=18#breadcrumb\",\"itemListElement\":[{\"@type\":\"ListItem\",\"position\":1,\"name\":\"Startseite\",\"item\":\"https:\/\/www.skiclub-baden-baden.de\/\"},{\"@type\":\"ListItem\",\"position\":2,\"name\":\"Der Verein\"}]},{\"@type\":\"WebSite\",\"@id\":\"https:\/\/www.skiclub-baden-baden.de\/#website\",\"url\":\"https:\/\/www.skiclub-baden-baden.de\/\",\"name\":\"#SCBB\",\"description\":\"Skiclub Baden-Baden\",\"potentialAction\":[{\"@type\":\"SearchAction\",\"target\":{\"@type\":\"EntryPoint\",\"urlTemplate\":\"https:\/\/www.skiclub-baden-baden.de\/?s={search_term_string}\"},\"query-input\":{\"@type\":\"PropertyValueSpecification\",\"valueRequired\":true,\"valueName\":\"search_term_string\"}}],\"inLanguage\":\"de\"}]}<\/script>\n<!-- \/ Yoast SEO plugin. -->","yoast_head_json":{"title":"Willkommen beim Skiclub Baden-Baden - Der Verein","robots":{"index":"index","follow":"follow","max-snippet":"max-snippet:-1","max-image-preview":"max-image-preview:large","max-video-preview":"max-video-preview:-1"},"canonical":"https:\/\/www.skiclub-baden-baden.de\/?page_id=18","og_locale":"de_DE","og_type":"article","og_title":"Willkommen beim Skiclub Baden-Baden - Der Verein","og_url":"https:\/\/www.skiclub-baden-baden.de\/?page_id=18","og_site_name":"#SCBB","article_modified_time":"2025-12-14T11:50:25+00:00","og_image":[{"width":1406,"height":1920,"url":"https:\/\/www.skiclub-baden-baden.de\/wp-content\/uploads\/2017\/04\/e830b00f2cf7003ecd0b4204e2445b97e77ee0dc1fb0104395_1920.jpg","type":"image\/jpeg"}],"twitter_card":"summary_large_image","twitter_misc":{"Gesch\u00e4tzte Lesezeit":"1\u00a0Minute"},"schema":{"@context":"https:\/\/schema.org","@graph":[{"@type":"WebPage","@id":"https:\/\/www.skiclub-baden-baden.de\/?page_id=18","url":"https:\/\/www.skiclub-baden-baden.de\/?page_id=18","name":"Willkommen beim Skiclub Baden-Baden - Der Verein","isPartOf":{"@id":"https:\/\/www.skiclub-baden-baden.de\/#website"},"primaryImageOfPage":{"@id":"https:\/\/www.skiclub-baden-baden.de\/?page_id=18#primaryimage"},"image":{"@id":"https:\/\/www.skiclub-baden-baden.de\/?page_id=18#primaryimage"},"thumbnailUrl":"https:\/\/www.skiclub-baden-baden.de\/wp-content\/uploads\/2017\/04\/e830b00f2cf7003ecd0b4204e2445b97e77ee0dc1fb0104395_1920.jpg","datePublished":"2017-04-23T13:07:50+00:00","dateModified":"2025-12-14T11:50:25+00:00","breadcrumb":{"@id":"https:\/\/www.skiclub-baden-baden.de\/?page_id=18#breadcrumb"},"inLanguage":"de","potentialAction":[{"@type":"ReadAction","target":["https:\/\/www.skiclub-baden-baden.de\/?page_id=18"]}]},{"@type":"ImageObject","inLanguage":"de","@id":"https:\/\/www.skiclub-baden-baden.de\/?page_id=18#primaryimage","url":"https:\/\/www.skiclub-baden-baden.de\/wp-content\/uploads\/2017\/04\/e830b00f2cf7003ecd0b4204e2445b97e77ee0dc1fb0104395_1920.jpg","contentUrl":"https:\/\/www.skiclub-baden-baden.de\/wp-content\/uploads\/2017\/04\/e830b00f2cf7003ecd0b4204e2445b97e77ee0dc1fb0104395_1920.jpg","width":1406,"height":1920},{"@type":"BreadcrumbList","@id":"https:\/\/www.skiclub-baden-baden.de\/?page_id=18#breadcrumb","itemListElement":[{"@type":"ListItem","position":1,"name":"Startseite","item":"https:\/\/www.skiclub-baden-baden.de\/"},{"@type":"ListItem","position":2,"name":"Der Verein"}]},{"@type":"WebSite","@id":"https:\/\/www.skiclub-baden-baden.de\/#website","url":"https:\/\/www.skiclub-baden-baden.de\/","name":"#SCBB","description":"Skiclub Baden-Baden","potentialAction":[{"@type":"SearchAction","target":{"@type":"EntryPoint","urlTemplate":"https:\/\/www.skiclub-baden-baden.de\/?s={search_term_string}"},"query-input":{"@type":"PropertyValueSpecification","valueRequired":true,"valueName":"search_term_string"}}],"inLanguage":"de"}]}},"_links":{"self":[{"href":"https:\/\/www.skiclub-baden-baden.de\/index.php?rest_route=\/wp\/v2\/pages\/18","targetHints":{"allow":["GET"]}}],"collection":[{"href":"https:\/\/www.skiclub-baden-baden.de\/index.php?rest_route=\/wp\/v2\/pages"}],"about":[{"href":"https:\/\/www.skiclub-baden-baden.de\/index.php?rest_route=\/wp\/v2\/types\/page"}],"author":[{"embeddable":true,"href":"https:\/\/www.skiclub-baden-baden.de\/index.php?rest_route=\/wp\/v2\/users\/1"}],"replies":[{"embeddable":true,"href":"https:\/\/www.skiclub-baden-baden.de\/index.php?rest_route=%2Fwp%2Fv2%2Fcomments&post=18"}],"version-history":[{"count":52,"href":"https:\/\/www.skiclub-baden-baden.de\/index.php?rest_route=\/wp\/v2\/pages\/18\/revisions"}],"predecessor-version":[{"id":5204,"href":"https:\/\/www.skiclub-baden-baden.de\/index.php?rest_route=\/wp\/v2\/pages\/18\/revisions\/5204"}],"wp:featuredmedia":[{"embeddable":true,"href":"https:\/\/www.skiclub-baden-baden.de\/index.php?rest_route=\/wp\/v2\/media\/155"}],"wp:attachment":[{"href":"https:\/\/www.skiclub-baden-baden.de\/index.php?rest_route=%2Fwp%2Fv2%2Fmedia&parent=18"}],"curies":[{"name":"wp","href":"https:\/\/api.w.org\/{rel}","templated":true}]}}