{"id":111,"date":"2017-04-23T15:05:53","date_gmt":"2017-04-23T15:05:53","guid":{"rendered":"http:\/\/www.skiclub-baden-baden.de\/?page_id=111"},"modified":"2018-03-26T20:38:33","modified_gmt":"2018-03-26T18:38:33","slug":"sommer","status":"publish","type":"page","link":"https:\/\/www.skiclub-baden-baden.de\/?page_id=111","title":{"rendered":"Sommer"},"content":{"rendered":"\n<style type=\"text\/css\" data-created_by=\"avia_inline_auto\" id=\"style-css-av-av_section-52fcd256e862c1d34814606619decc10\">\n.avia-section.av-av_section-52fcd256e862c1d34814606619decc10{\nbackground-repeat:no-repeat;\nbackground-image:url(https:\/\/www.skiclub-baden-baden.de\/wp-content\/uploads\/2017\/08\/Kayak-background-black.jpg);\nbackground-position:0% 0%;\nbackground-attachment:fixed;\n}\n<\/style>\n<div id='av_section_1'  class='avia-section av-av_section-52fcd256e862c1d34814606619decc10 main_color avia-section-default avia-no-shadow  avia-builder-el-0  avia-builder-el-no-sibling  avia-full-stretch avia-bg-style-fixed container_wrap fullsize'  data-section-bg-repeat='stretch'><div class='container av-section-cont-open' ><main  role=\"main\" itemprop=\"mainContentOfPage\"  class='template-page content  av-content-full alpha units'><div class='post-entry post-entry-type-page post-entry-111'><div class='entry-content-wrapper clearfix'>\n\n<style type=\"text\/css\" data-created_by=\"avia_inline_auto\" id=\"style-css-av-av_one_full-9624a5d64d234f6262fd389f2c086ddc\">\n.flex_column.av-av_one_full-9624a5d64d234f6262fd389f2c086ddc{\n-webkit-border-radius:0px 0px 0px 0px;\n-moz-border-radius:0px 0px 0px 0px;\nborder-radius:0px 0px 0px 0px;\npadding:2% 2% 2% 2%;\nbackground-color:rgba(255,255,255,0.75);\n}\n<\/style>\n<div class='flex_column av-av_one_full-9624a5d64d234f6262fd389f2c086ddc av_one_full  avia-builder-el-1  avia-builder-el-no-sibling  first flex_column_div '     ><section  class='av_textblock_section av-av_textblock-396ddf1f42196ca838231e61a4602801'  itemscope=\"itemscope\" itemtype=\"https:\/\/schema.org\/CreativeWork\" ><div class='avia_textblock'  itemprop=\"text\" ><p>Der Sommer l\u00e4dt wieder zum Paddeln ein&#8230;<\/p>\n<p>Kanufahren ist der ideale Freizeitsport, bei dem Aktivit\u00e4t und Naturerlebnis miteinander verschmelzen. Aus der ungew\u00f6hnlichen Perspektive dicht \u00fcber dem Wasserspiegel lassen sich rauschende Wildfl\u00fcsse oder auch leise flie\u00dfende Altwasser in aller Ruhe erkunden. Und auf dem Fluss ist auch im Hochsommer immer ein k\u00fchler Hauch zu sp\u00fcren. Zeit zum Durchatmen, Ausspannen und Genie\u00dfen &#8211; und trotzdem sportlich aktiv zu sein!<\/p>\n<p>Unser umfangreiches Sommerprogramm hat f\u00fcr alle W\u00fcnsche, Anforderungen und Altersklassen die richtige Ausfahrt. Neben einer Vielzahl von Paddeltouren wird das Programm durch Fahrradausfl\u00fcge, Ferienausfahrten und Feste am Bootshaus abgerundet.<\/p>\n<p>Zus\u00e4tzlich bietet der Skiclub Baden-Baden unter der Woche vielf\u00e4ltige Sportangebote: Dienstags bei Frauen-Power und Feierabendpaddeln am Rhein oder bei unserem R\u00fcckengymnastik-Kurs. Mittwochs wird gewalkt.<\/p>\n<p>Das Angebot ist gro\u00df, nutzt es!<\/p>\n<\/div><\/section><\/div>\n","protected":false},"excerpt":{"rendered":"","protected":false},"author":1,"featured_media":0,"parent":0,"menu_order":0,"comment_status":"closed","ping_status":"closed","template":"","meta":{"_monsterinsights_skip_tracking":false,"_monsterinsights_sitenote_active":false,"_monsterinsights_sitenote_note":"","_monsterinsights_sitenote_category":0,"footnotes":""},"class_list":["post-111","page","type-page","status-publish","hentry"],"yoast_head":"<!-- This site is optimized with the Yoast SEO plugin v26.6 - https:\/\/yoast.com\/wordpress\/plugins\/seo\/ -->\n<title>Sommer &#8211; #SCBB<\/title>\n<meta name=\"robots\" content=\"index, follow, max-snippet:-1, max-image-preview:large, max-video-preview:-1\" \/>\n<link rel=\"canonical\" href=\"https:\/\/www.skiclub-baden-baden.de\/?page_id=111\" \/>\n<meta property=\"og:locale\" content=\"de_DE\" \/>\n<meta property=\"og:type\" content=\"article\" \/>\n<meta property=\"og:title\" content=\"Sommer &#8211; #SCBB\" \/>\n<meta property=\"og:url\" content=\"https:\/\/www.skiclub-baden-baden.de\/?page_id=111\" \/>\n<meta property=\"og:site_name\" content=\"#SCBB\" \/>\n<meta property=\"article:modified_time\" content=\"2018-03-26T18:38:33+00:00\" \/>\n<meta name=\"twitter:card\" content=\"summary_large_image\" \/>\n<meta name=\"twitter:label1\" content=\"Gesch\u00e4tzte Lesezeit\" \/>\n\t<meta name=\"twitter:data1\" content=\"2\u00a0Minuten\" \/>\n<script type=\"application\/ld+json\" class=\"yoast-schema-graph\">{\"@context\":\"https:\/\/schema.org\",\"@graph\":[{\"@type\":\"WebPage\",\"@id\":\"https:\/\/www.skiclub-baden-baden.de\/?page_id=111\",\"url\":\"https:\/\/www.skiclub-baden-baden.de\/?page_id=111\",\"name\":\"Sommer &#8211; #SCBB\",\"isPartOf\":{\"@id\":\"https:\/\/www.skiclub-baden-baden.de\/#website\"},\"datePublished\":\"2017-04-23T15:05:53+00:00\",\"dateModified\":\"2018-03-26T18:38:33+00:00\",\"breadcrumb\":{\"@id\":\"https:\/\/www.skiclub-baden-baden.de\/?page_id=111#breadcrumb\"},\"inLanguage\":\"de\",\"potentialAction\":[{\"@type\":\"ReadAction\",\"target\":[\"https:\/\/www.skiclub-baden-baden.de\/?page_id=111\"]}]},{\"@type\":\"BreadcrumbList\",\"@id\":\"https:\/\/www.skiclub-baden-baden.de\/?page_id=111#breadcrumb\",\"itemListElement\":[{\"@type\":\"ListItem\",\"position\":1,\"name\":\"Startseite\",\"item\":\"https:\/\/www.skiclub-baden-baden.de\/\"},{\"@type\":\"ListItem\",\"position\":2,\"name\":\"Sommer\"}]},{\"@type\":\"WebSite\",\"@id\":\"https:\/\/www.skiclub-baden-baden.de\/#website\",\"url\":\"https:\/\/www.skiclub-baden-baden.de\/\",\"name\":\"#SCBB\",\"description\":\"Skiclub Baden-Baden\",\"potentialAction\":[{\"@type\":\"SearchAction\",\"target\":{\"@type\":\"EntryPoint\",\"urlTemplate\":\"https:\/\/www.skiclub-baden-baden.de\/?s={search_term_string}\"},\"query-input\":{\"@type\":\"PropertyValueSpecification\",\"valueRequired\":true,\"valueName\":\"search_term_string\"}}],\"inLanguage\":\"de\"}]}<\/script>\n<!-- \/ Yoast SEO plugin. -->","yoast_head_json":{"title":"Sommer &#8211; #SCBB","robots":{"index":"index","follow":"follow","max-snippet":"max-snippet:-1","max-image-preview":"max-image-preview:large","max-video-preview":"max-video-preview:-1"},"canonical":"https:\/\/www.skiclub-baden-baden.de\/?page_id=111","og_locale":"de_DE","og_type":"article","og_title":"Sommer &#8211; #SCBB","og_url":"https:\/\/www.skiclub-baden-baden.de\/?page_id=111","og_site_name":"#SCBB","article_modified_time":"2018-03-26T18:38:33+00:00","twitter_card":"summary_large_image","twitter_misc":{"Gesch\u00e4tzte Lesezeit":"2\u00a0Minuten"},"schema":{"@context":"https:\/\/schema.org","@graph":[{"@type":"WebPage","@id":"https:\/\/www.skiclub-baden-baden.de\/?page_id=111","url":"https:\/\/www.skiclub-baden-baden.de\/?page_id=111","name":"Sommer &#8211; #SCBB","isPartOf":{"@id":"https:\/\/www.skiclub-baden-baden.de\/#website"},"datePublished":"2017-04-23T15:05:53+00:00","dateModified":"2018-03-26T18:38:33+00:00","breadcrumb":{"@id":"https:\/\/www.skiclub-baden-baden.de\/?page_id=111#breadcrumb"},"inLanguage":"de","potentialAction":[{"@type":"ReadAction","target":["https:\/\/www.skiclub-baden-baden.de\/?page_id=111"]}]},{"@type":"BreadcrumbList","@id":"https:\/\/www.skiclub-baden-baden.de\/?page_id=111#breadcrumb","itemListElement":[{"@type":"ListItem","position":1,"name":"Startseite","item":"https:\/\/www.skiclub-baden-baden.de\/"},{"@type":"ListItem","position":2,"name":"Sommer"}]},{"@type":"WebSite","@id":"https:\/\/www.skiclub-baden-baden.de\/#website","url":"https:\/\/www.skiclub-baden-baden.de\/","name":"#SCBB","description":"Skiclub Baden-Baden","potentialAction":[{"@type":"SearchAction","target":{"@type":"EntryPoint","urlTemplate":"https:\/\/www.skiclub-baden-baden.de\/?s={search_term_string}"},"query-input":{"@type":"PropertyValueSpecification","valueRequired":true,"valueName":"search_term_string"}}],"inLanguage":"de"}]}},"_links":{"self":[{"href":"https:\/\/www.skiclub-baden-baden.de\/index.php?rest_route=\/wp\/v2\/pages\/111","targetHints":{"allow":["GET"]}}],"collection":[{"href":"https:\/\/www.skiclub-baden-baden.de\/index.php?rest_route=\/wp\/v2\/pages"}],"about":[{"href":"https:\/\/www.skiclub-baden-baden.de\/index.php?rest_route=\/wp\/v2\/types\/page"}],"author":[{"embeddable":true,"href":"https:\/\/www.skiclub-baden-baden.de\/index.php?rest_route=\/wp\/v2\/users\/1"}],"replies":[{"embeddable":true,"href":"https:\/\/www.skiclub-baden-baden.de\/index.php?rest_route=%2Fwp%2Fv2%2Fcomments&post=111"}],"version-history":[{"count":15,"href":"https:\/\/www.skiclub-baden-baden.de\/index.php?rest_route=\/wp\/v2\/pages\/111\/revisions"}],"predecessor-version":[{"id":4491,"href":"https:\/\/www.skiclub-baden-baden.de\/index.php?rest_route=\/wp\/v2\/pages\/111\/revisions\/4491"}],"wp:attachment":[{"href":"https:\/\/www.skiclub-baden-baden.de\/index.php?rest_route=%2Fwp%2Fv2%2Fmedia&parent=111"}],"curies":[{"name":"wp","href":"https:\/\/api.w.org\/{rel}","templated":true}]}}